{"id":4456,"date":"2026-03-02T11:09:59","date_gmt":"2026-03-02T10:09:59","guid":{"rendered":"https:\/\/bdi-bioenergy.com\/?page_id=4456"},"modified":"2026-04-07T09:36:55","modified_gmt":"2026-04-07T07:36:55","slug":"chemical-recycling","status":"publish","type":"page","link":"https:\/\/bdi-bioenergy.com\/de\/chemical-recycling\/","title":{"rendered":"CHEMICAL RECYCLING"},"content":{"rendered":"\r\n\t<div id=\"headerSmallImage-block_8a86b673d4d2d7ff4a2b1496dce321f1\" class=\"headerSmallImage \">\r\n\r\n\t\t\t\t\t\t\t<img decoding=\"async\" src=\"https:\/\/bdi-bioenergy.com\/wp-content\/uploads\/2026\/04\/Bilder_1920x52017.jpg\" alt=\"\">\r\n\t\t<div class=\"headerSmallImageOverlay\"><\/div>\r\n        \r\n<div class=\"headerSmallImageText\">\r\n        \t\t\t\t<h6>Technologie<\/h6>     \t\t\t\t<h2>SynCycle\u00ae<\/h2>\r\n    <\/div>\r\n\t\t<\/div>\r\n\n\n\t<div id=\"textOnly-block_d03ae6f00a2c353938b5c07fe159be1a\" class=\"textOnly grey \">\r\n        <h1>Als Wissenszentrum f\u00fcr die Entwicklung chemischer Prozesse<\/h1>\r\n                    <p>Chemisches Recycling erm\u00f6glicht die dezentrale Umwandlung gemischter Kunststoffabf\u00e4lle in wertvolle Ressourcen mithilfe eines modularen Anlagensystems. Zerkleinerte Kunststoffe werden aufgeschmolzen und im Pyrolysereaktor (T-CRACKER<sup>\u00ae<\/sup>) in k\u00fcrzere Kohlenwasserstoffe zerlegt. Durch Kondensation entsteht daraus hochwertiges \u00d6l, das wieder in die Kunststoff-Wertsch\u00f6pfungskette zur\u00fcckgef\u00fchrt wird \u2013 effizient, zug\u00e4nglich und vollst\u00e4ndig zirkul\u00e4r.<\/p>\n    \r\n\t<\/div>\r\n\n\n\t<div id=\"gridIconBlock-block_198f8c4d8a32b755294b873f973403c6\" class=\"gridIconBlock \">\r\n\t\t<div class=\"gridIconBlockGrid\">\r\n        \t\t\t\t<img decoding=\"async\" src=\"https:\/\/bdi-bioenergy.com\/wp-content\/uploads\/2024\/02\/Gruppe-21837.svg\" alt=\"\">\r\n\t\t\r\n<h4>Flexible und skalierbare Anlagen<\/h4>\r\n\t\t<p>Das modulare Design erm\u00f6glicht flexible Kapazit\u00e4ten sowie die Erweiterung um zus\u00e4tzliche Linien.<\/div>\r\n    <div class=\"gridIconBlockGrid\">\r\n        \t\t\t\t<img decoding=\"async\" src=\"https:\/\/bdi-bioenergy.com\/wp-content\/uploads\/2024\/02\/Gruppe-21837.svg\" alt=\"\">\r\n\t\t\r\n<h4>Umweltfreundliche Produktion<\/h4>\r\n\t\t<p>Die dezentrale Aufstellung reduziert Transportemissionen und st\u00e4rkt die lokale Wertsch\u00f6pfung.<\/div>\r\n    <div class=\"gridIconBlockGrid\">\r\n        \t\t\t\t<img decoding=\"async\" src=\"https:\/\/bdi-bioenergy.com\/wp-content\/uploads\/2024\/02\/Gruppe-21837.svg\" alt=\"\">\r\n\t\t\r\n<h4>Effiziente Hochleistungstechnologie<\/h4>\r\n\t\t<p>Kompakte Anlagen verarbeiten 8.000 Tonnen Kunststoffabf\u00e4lle pro Jahr \u2013 oder entsprechende Vielfache \u2013 auch bei variabler Zusammensetzung.<\/div>\r\n    \t<\/div>\r\n\n\n\r\n    <div id=\"infoSlider-block_f4ecda2bb389e46f77738034ad240274\"\r\n         class=\"infoSlider infoSliderGrid\">\r\n\r\n        <div class=\"infoSliderGrid\">\r\n\t\t\t<p>Die einzigartige <span style=\"color: #129bdb\">SynCycle<sup>\u00ae<\/sup> Technology<\/span> verwandelt Kunststoffabf\u00e4lle in wertvolle Ressourcen und bietet der Kunststoffindustrie nachhaltige und kosteng\u00fcnstige Recyclingl\u00f6sungen. Nehmen Sie Kontakt mit uns auf: <a href=\"mailto:info@syncycle.com\"><span style=\"color: #129bdb\">info@syncycle.com <\/span><\/a><\/p>\n            <div class=\"sliderButtons\">\r\n                <img decoding=\"async\" class=\"sliderButtonLeft\" src=\"https:\/\/bdi-bioenergy.com\/wp-content\/themes\/bdi\/img\/left.svg\"\r\n                     alt=\"arrow\">\r\n                <img decoding=\"async\" class=\"sliderButtonRight\" src=\"https:\/\/bdi-bioenergy.com\/wp-content\/themes\/bdi\/img\/right.svg\"\r\n                     alt=\"arrow\">\r\n            <\/div>\r\n        <\/div>\r\n        <div class=\" infoSlide\">\r\n\r\n            <div class=\"swiper-wrapper\">\r\n\r\n\t                                    <div class=\"swiper-slide\">\r\n                            <img decoding=\"async\" src=\"https:\/\/bdi-bioenergy.com\/wp-content\/uploads\/2026\/02\/BIlder-Website_900x50011.png\" alt=\"slider img\" \/>\r\n\t                                                        <div class=\"infoSliderText\">\r\n                                    <h4>Abschluss des Kreislaufs durch thermische Depolymerisation<\/h4>\r\n                                    <p>Der SynCycle\u00ae-Prozess zerlegt Kunststoffe mittels thermischer Depolymerisation im Pyrolysereaktor (T-CRACKER\u00ae) in Kohlenwasserstoffe. Die entstehenden Pyrolysegase werden kondensiert und zu zirkul\u00e4rem \u00d6l aufbereitet, das erneut in der Chemie- und Kunststoffindustrie eingesetzt wird \u2013 Abfall wird zur Ressource und der Kreislauf geschlossen<\/p>\r\n                                <\/div>\r\n\r\n\t                                                <\/div>\r\n\t\t\t                                    <div class=\"swiper-slide\">\r\n                            <img decoding=\"async\" src=\"https:\/\/bdi-bioenergy.com\/wp-content\/uploads\/2026\/02\/Bilder_900x500px3.png\" alt=\"slider img\" \/>\r\n\t                                                        <div class=\"infoSliderText\">\r\n                                    <h4>Flexible, modulare Recyclingl\u00f6sungen<\/h4>\r\n                                    <p>Unser dezentrales, modulares Anlagenkonzept erm\u00f6glicht es Kunden, Kunststoffabf\u00e4lle direkt vor Ort in wertvolle Ressourcen umzuwandeln. Die SynCycle\u00ae-Technologie macht chemisches Recycling praktikabel, skalierbar und f\u00fcr alle Akteure entlang der Kunststoff-Wertsch\u00f6pfungskette zug\u00e4nglich.<\/p>\r\n                                <\/div>\r\n\r\n\t                                                <\/div>\r\n\t\t\t                                    <div class=\"swiper-slide\">\r\n                            <img decoding=\"async\" src=\"https:\/\/bdi-bioenergy.com\/wp-content\/uploads\/2026\/02\/Bilder_900x500px4.png\" alt=\"slider img\" \/>\r\n\t                                                        <div class=\"infoSliderText\">\r\n                                    <h4>One-Stop-Technologie f\u00fcr nicht recycelbare Kunststoffe<\/h4>\r\n                                    <p>Die von BDI-BioEnergy International entwickelte SynCycle\u00ae-Technologie verwandelt nicht recycelbare Kunststoffe in neue Produkte. Sie deckt alle Prozessschritte ab und gew\u00e4hrleistet Effizienz, Zuverl\u00e4ssigkeit sowie hochwertige Outputs f\u00fcr eine funktionierende Kreislaufwirtschaft.<\/p>\r\n                                <\/div>\r\n\r\n\t                                                <\/div>\r\n\t\t\t                                    <\/div> <\/div>\r\n        <div class=\"sliderButtons\">\r\n            <img decoding=\"async\" class=\"sliderButtonLeftbottom\" src=\"https:\/\/bdi-bioenergy.com\/wp-content\/themes\/bdi\/img\/left.svg\"\r\n                 alt=\"arrow\">\r\n            <img decoding=\"async\" class=\"sliderButtonRightbottom\" src=\"https:\/\/bdi-bioenergy.com\/wp-content\/themes\/bdi\/img\/right.svg\"\r\n                 alt=\"arrow\">\r\n        <\/div>\r\n            <\/div>\r\n\r\n    <\/div>\r\n\n\n    <div id=\"contactBlock-block_67842a22db294e5c0a4ea26919389abf\" class=\"contactBlock \">\r\n\r\n\t\r\n\t\t        <img decoding=\"async\" src=\"https:\/\/bdi-bioenergy.com\/wp-content\/uploads\/2024\/03\/Komponente-27-\u2013-5.jpg\" alt=\"\">\r\n\t    <div class=\"contactBoxOverlay\"><\/div>\r\n    <div class=\"contactBlockText\">\r\n\r\n        <h4 class=\"colorWhite\">\r\n\t        Haben Sie Fragen? <br \/>\r\nKontaktieren Sie uns gerne.        <\/h4>\r\n\r\n\t\t            <a class=\"button colorWhite borderWhite\" href=\"https:\/\/bdi-bioenergy.com\/de\/kontakt\/\"\r\n               target=\"_self\">Kontakt<\/a>\r\n\t\t    <\/div>\r\n\r\n\r\n\t\r\n\r\n    <\/div>\r\n\n\n\t<div id=\"textWithButton-block_eb1dfeec297c3e1d5a521edce61fc0f7\" class=\"textWithButton\">\r\n\t\t\r\n\t        <h6>HOW WE WORK<\/h6>\r\n        <h2>Mehr als 70 Referenzprojekte weltweit belegen unsere Kompetenz im internationalen Anlagenbau. Mit der Gewinnung von gr\u00fcner Energie und dem Recycling von Abfallstr\u00f6men tragen unsere Anlagen ma\u00dfgeblich zur Kreislaufwirtschaft bei.\r\n<\/h2>\r\n\t\t            <div class=\"paddingTop26\"><\/div>\r\n            <a class=\"button\" href=\"https:\/\/bdi-bioenergy.com\/de\/referenzen\/\"\r\n               target=\"_self\">Referenzen<\/a>\r\n\t\t\t\r\n                <\/div>\r\n\r\n\n\n    <div id=\"imgLittleText-block_26b3bf166030eb31eab4adaccd409898\" class=\"imgLittleText \">\r\n\r\n\t    \r\n\r\n\r\n\t\t    \t\t                    <img decoding=\"async\" src=\"https:\/\/bdi-bioenergy.com\/wp-content\/uploads\/2024\/02\/Gruppe-21948.jpg\" alt=\"engineers at work\">\r\n\t\t    \r\n\r\n            <div class=\"contrastOverlay\"><\/div>\r\n            <div class=\"overlayContainer\">\r\n                <img decoding=\"async\" value=\"develop\" class=\"imgBlockImage develop activeOverlay\"\r\n                     src=\"https:\/\/bdi-bioenergy.com\/wp-content\/themes\/bdi\/img\/develop.svg\">\r\n\r\n                <img decoding=\"async\" value=\"design\" class=\"imgBlockImage design\"\r\n                     src=\"https:\/\/bdi-bioenergy.com\/wp-content\/themes\/bdi\/img\/design.svg\">\r\n                <img decoding=\"async\" value=\"build\" class=\"imgBlockImage build\"\r\n                     src=\"https:\/\/bdi-bioenergy.com\/wp-content\/themes\/bdi\/img\/build.svg\">\r\n\r\n                <!-- Develop Text-->\r\n                <div value=\"develop\" class=\"imgBlockText enable\">\r\n                    <img decoding=\"async\" value=\"develop\" class=\"imgBlockImageMobile developMobile\" src=\"https:\/\/bdi-bioenergy.com\/wp-content\/themes\/bdi\/img\/developMobile.svg\">\r\n                    <h6>FORSCHUNG UND TECHNOLOGIEENTWICKLUNG <\/h6>\r\n                    <p>Wir erforschen und entwickeln innovative Technologien, um wertvolle Ressourcen zu schonen und die Kreislaufwirtschaft voranzutreiben.<\/p>\r\n                <\/div>\r\n\r\n                <!-- Design Text-->\r\n                <div value=\"design\" class=\"imgBlockText disabled\">\r\n                    <img decoding=\"async\" value=\"design\" class=\"imgBlockImageMobile designMobile\" src=\"https:\/\/bdi-bioenergy.com\/wp-content\/themes\/bdi\/img\/designMobile.svg\">\r\n                    <h6>PROZESSDESIGN UND SCALE-UP <\/h6>\r\n                    <p>Das Prozessdesign unserer Technologien l\u00e4sst sich individuell skalieren und an unterschiedliche Produktionsparameter anpassen.<\/p>\r\n\r\n                <\/div>\r\n\r\n                <!-- Build Text-->\r\n                <div value=\"build\" class=\"imgBlockText disabled\">\r\n                    <img decoding=\"async\" value=\"build\" class=\"imgBlockImageMobile buildMobile\" src=\"https:\/\/bdi-bioenergy.com\/wp-content\/themes\/bdi\/img\/buildMobile.svg\">\r\n                    <h6>ANLAGENBAU UND INBETRIEBNAHME <\/h6>\r\n                    <p>Vom Engineering und Anlagenbau bis zur Inbetriebnahme mit anschlie\u00dfendem Customer Service unterst\u00fctzen wir unsere Kunden entlang der gesamten Wertsch\u00f6pfungskette.<\/p>\r\n                <\/div>\r\n            <\/div>\r\n\r\n            <\/div>\r\n\r\n\t        <\/div>\r\n\n\n    <div id=\"news-block_eb9e8c1a259f2b8732547ece5b8b6ca7\" class=\"news \">\r\n\r\n        <h6>News<\/h6>\r\n        \r\n\r\n        <div class=\"newsGridContainer\">\r\n                                <div class=\"newsGridItem\">\r\n\r\n                        <p style=\"pointer-events: none\"><a href=\"https:\/\/bdi-bioenergy.com\/de\/category\/news\/press-release-de\/\" rel=\"category tag\">Press Release<\/a><\/p>\r\n                        <a href=\"https:\/\/bdi-bioenergy.com\/de\/news\/prismore-capital-bdi-bioenergy-international-and-rieckermann-announce-strategic-investment-in-tire-pyrolysis-technology\/\">\r\n                                                            <img loading=\"lazy\" decoding=\"async\" width=\"5519\" height=\"3468\" src=\"https:\/\/bdi-bioenergy.com\/wp-content\/uploads\/2025\/05\/MG_4327.jpg\" class=\"attachment-post-thumbnail size-post-thumbnail wp-post-image\" alt=\"\" srcset=\"https:\/\/bdi-bioenergy.com\/wp-content\/uploads\/2025\/05\/MG_4327.jpg 5519w, https:\/\/bdi-bioenergy.com\/wp-content\/uploads\/2025\/05\/MG_4327-300x189.jpg 300w, https:\/\/bdi-bioenergy.com\/wp-content\/uploads\/2025\/05\/MG_4327-1200x754.jpg 1200w, https:\/\/bdi-bioenergy.com\/wp-content\/uploads\/2025\/05\/MG_4327-1920x1206.jpg 1920w\" sizes=\"auto, (max-width: 5519px) 100vw, 5519px\" \/>                                                        <h6>Prismore Capital, BDI-BioEnergy International GmbH und JR New Horizons erwerben gemeinsam die fortschrittliche Reifenpyrolysetechnologie von Grupo BB&amp;G<\/h6>\r\n                        <\/a>\r\n                    <\/div>\r\n                                    <div class=\"newsGridItem\">\r\n\r\n                        <p style=\"pointer-events: none\"><a href=\"https:\/\/bdi-bioenergy.com\/de\/category\/news\/presse\/\" rel=\"category tag\">Presse<\/a><\/p>\r\n                        <a href=\"https:\/\/bdi-bioenergy.com\/de\/news\/bdi-bioenergy-international-errichtet-eine-innovative-pretreatment-anlage-fuer-rohstoffe-fuer-biokraftstoffe\/\">\r\n                                                            <img loading=\"lazy\" decoding=\"async\" width=\"729\" height=\"485\" src=\"https:\/\/bdi-bioenergy.com\/wp-content\/uploads\/2025\/04\/Beitragsbild-Website-Ferro.jpg\" class=\"attachment-post-thumbnail size-post-thumbnail wp-post-image\" alt=\"\" srcset=\"https:\/\/bdi-bioenergy.com\/wp-content\/uploads\/2025\/04\/Beitragsbild-Website-Ferro.jpg 729w, https:\/\/bdi-bioenergy.com\/wp-content\/uploads\/2025\/04\/Beitragsbild-Website-Ferro-300x200.jpg 300w\" sizes=\"auto, (max-width: 729px) 100vw, 729px\" \/>                                                        <h6>BDI-BioEnergy International errichtet eine innovative PreTreatment Anlage f\u00fcr Rohstoffe f\u00fcr Biokraftstoffe<\/h6>\r\n                        <\/a>\r\n                    <\/div>\r\n                                    <div class=\"newsGridItem\">\r\n\r\n                        <p style=\"pointer-events: none\"><a href=\"https:\/\/bdi-bioenergy.com\/de\/category\/news\/presse\/\" rel=\"category tag\">Presse<\/a><\/p>\r\n                        <a href=\"https:\/\/bdi-bioenergy.com\/de\/news\/neue-greenstock-pretreatment-anlage-ab-2027-bdi-bioenergy-international-sorgt-fuer-nachhaltigkeit-und-effizienz\/\">\r\n                                                            <img loading=\"lazy\" decoding=\"async\" width=\"593\" height=\"440\" src=\"https:\/\/bdi-bioenergy.com\/wp-content\/uploads\/2024\/04\/BDI_445x33019.jpg\" class=\"attachment-post-thumbnail size-post-thumbnail wp-post-image\" alt=\"\" srcset=\"https:\/\/bdi-bioenergy.com\/wp-content\/uploads\/2024\/04\/BDI_445x33019.jpg 593w, https:\/\/bdi-bioenergy.com\/wp-content\/uploads\/2024\/04\/BDI_445x33019-300x223.jpg 300w\" sizes=\"auto, (max-width: 593px) 100vw, 593px\" \/>                                                        <h6>Neue Greenstock PreTreatment Anlage ab 2027: BDI sorgt f\u00fcr Nachhaltigkeit und Effizienz<\/h6>\r\n                        <\/a>\r\n                    <\/div>\r\n                        <\/div>\r\n\r\n        <div class=\"newsButton\">\r\n                        <a class=\"button\" href=\"https:\/\/bdi-bioenergy.com\/de\/\/news\">Alle anzeigen<\/a>\r\n        <\/div>\r\n    <\/div>\r\n\n\n\r\n    <div id=\"newsLetterBlock-block_295d8b994c31ef7a656dfd88a84755b5\" class=\"newsLetterBlock\">\r\n        <div id=\"newsletter\" class=\"newsLetterGridContainer\">\r\n\t\r\n            <div class=\"gridItemLeft\">\r\n\t            <p>Verpassen Sie nichts mehr und abonnieren Sie unseren<span style=\"color: #ffffff;\"> Newsletter!<\/span><\/p>\n\r\n            <\/div>\r\n            <div class=\"newsLettergridItemRight\">\r\n\t\t\t\t<script>(function() {\n\twindow.mc4wp = window.mc4wp || {\n\t\tlisteners: [],\n\t\tforms: {\n\t\t\ton: function(evt, cb) {\n\t\t\t\twindow.mc4wp.listeners.push(\n\t\t\t\t\t{\n\t\t\t\t\t\tevent   : evt,\n\t\t\t\t\t\tcallback: cb\n\t\t\t\t\t}\n\t\t\t\t);\n\t\t\t}\n\t\t}\n\t}\n})();\n<\/script><!-- Mailchimp for WordPress v4.12.1 - https:\/\/wordpress.org\/plugins\/mailchimp-for-wp\/ --><form id=\"mc4wp-form-1\" class=\"mc4wp-form mc4wp-form-344\" method=\"post\" data-id=\"344\" data-name=\"Newsletter\" ><div class=\"mc4wp-form-fields\"><div class=\"newsLetter\">\r\n\t\r\n<input class=\"emailInput\" type=\"email\" name=\"EMAIL\" placeholder=\"Ihre E-Mail Adresse\" required \/>\r\n\r\n\r\n<p>\r\n\t<input class=\"newsletterSubmit\" type=\"submit\" value=\"anmelden\" \/>\r\n<\/p>\r\n<\/div><\/div><label style=\"display: none !important;\">Wenn du ein Mensch bist, lasse das Feld leer: <input type=\"text\" name=\"_mc4wp_honeypot\" value=\"\" tabindex=\"-1\" autocomplete=\"off\" \/><\/label><input type=\"hidden\" name=\"_mc4wp_timestamp\" value=\"1777053329\" \/><input type=\"hidden\" name=\"_mc4wp_form_id\" value=\"344\" \/><input type=\"hidden\" name=\"_mc4wp_form_element_id\" value=\"mc4wp-form-1\" \/><div class=\"mc4wp-response\"><\/div><\/form><!-- \/ Mailchimp for WordPress Plugin -->                <div class=\"termsOfService\">\r\n\t                <p>Mit der Anmeldung erkl\u00e4re ich mich mit den <a href=\"http:\/\/bdi-bioenergy.com.w01f9af2.kasserver.com\/newSite\/impressum\/\" target=\"_blank\" rel=\"noopener\">Nutzungsbedingungen<\/a> und der <a href=\"http:\/\/bdi-bioenergy.com.w01f9af2.kasserver.com\/newSite\/datenschutz\/\" target=\"_blank\" rel=\"noopener\">Datenschutzrichtlinie<\/a> einverstanden.<\/p>\n                <\/div>\r\n            <\/div>\r\n\t        <\/div>\r\n\r\n    <\/div>\r\n","protected":false},"excerpt":{"rendered":"","protected":false},"author":6,"featured_media":0,"parent":0,"menu_order":0,"comment_status":"closed","ping_status":"closed","template":"","meta":{"_acf_changed":false,"footnotes":""},"class_list":["post-4456","page","type-page","status-publish","hentry"],"acf":[],"yoast_head":"<!-- This site is optimized with the Yoast SEO plugin v27.3 - https:\/\/yoast.com\/product\/yoast-seo-wordpress\/ -->\n<title>CHEMICAL RECYCLING - BDI-BioEnergy International<\/title>\n<meta name=\"description\" content=\"BDI GreenTech Solutions ist ein Wissenszentrum f\u00fcr die Entwicklung chemischer Prozesse, einschlie\u00dflich der SynCycle\u00ae und BB&amp;G\u00ae Technologien.\" \/>\n<meta name=\"robots\" content=\"index, follow, max-snippet:-1, max-image-preview:large, max-video-preview:-1\" \/>\n<link rel=\"canonical\" href=\"https:\/\/bdi-bioenergy.com\/de\/chemical-recycling\/\" \/>\n<meta property=\"og:locale\" content=\"de_DE\" \/>\n<meta property=\"og:type\" content=\"article\" \/>\n<meta property=\"og:title\" content=\"CHEMICAL RECYCLING - BDI-BioEnergy International\" \/>\n<meta property=\"og:description\" content=\"BDI GreenTech Solutions ist ein Wissenszentrum f\u00fcr die Entwicklung chemischer Prozesse, einschlie\u00dflich der SynCycle\u00ae und BB&amp;G\u00ae Technologien.\" \/>\n<meta property=\"og:url\" content=\"https:\/\/bdi-bioenergy.com\/de\/chemical-recycling\/\" \/>\n<meta property=\"og:site_name\" content=\"BDI-BioEnergy International\" \/>\n<meta property=\"article:modified_time\" content=\"2026-04-07T07:36:55+00:00\" \/>\n<meta name=\"twitter:card\" content=\"summary_large_image\" \/>\n<script type=\"application\/ld+json\" class=\"yoast-schema-graph\">{\"@context\":\"https:\\\/\\\/schema.org\",\"@graph\":[{\"@type\":\"WebPage\",\"@id\":\"https:\\\/\\\/bdi-bioenergy.com\\\/de\\\/chemical-recycling\\\/\",\"url\":\"https:\\\/\\\/bdi-bioenergy.com\\\/de\\\/chemical-recycling\\\/\",\"name\":\"CHEMICAL RECYCLING - BDI-BioEnergy International\",\"isPartOf\":{\"@id\":\"https:\\\/\\\/bdi-bioenergy.com\\\/#website\"},\"datePublished\":\"2026-03-02T10:09:59+00:00\",\"dateModified\":\"2026-04-07T07:36:55+00:00\",\"description\":\"BDI GreenTech Solutions ist ein Wissenszentrum f\u00fcr die Entwicklung chemischer Prozesse, einschlie\u00dflich der SynCycle\u00ae und BB&G\u00ae Technologien.\",\"breadcrumb\":{\"@id\":\"https:\\\/\\\/bdi-bioenergy.com\\\/de\\\/chemical-recycling\\\/#breadcrumb\"},\"inLanguage\":\"de\",\"potentialAction\":[{\"@type\":\"ReadAction\",\"target\":[\"https:\\\/\\\/bdi-bioenergy.com\\\/de\\\/chemical-recycling\\\/\"]}]},{\"@type\":\"BreadcrumbList\",\"@id\":\"https:\\\/\\\/bdi-bioenergy.com\\\/de\\\/chemical-recycling\\\/#breadcrumb\",\"itemListElement\":[{\"@type\":\"ListItem\",\"position\":1,\"name\":\"Startseite\",\"item\":\"https:\\\/\\\/bdi-bioenergy.com\\\/de\\\/\"},{\"@type\":\"ListItem\",\"position\":2,\"name\":\"CHEMICAL RECYCLING\"}]},{\"@type\":\"WebSite\",\"@id\":\"https:\\\/\\\/bdi-bioenergy.com\\\/#website\",\"url\":\"https:\\\/\\\/bdi-bioenergy.com\\\/\",\"name\":\"BDI Bioenergy\",\"description\":\"\",\"publisher\":{\"@id\":\"https:\\\/\\\/bdi-bioenergy.com\\\/#organization\"},\"potentialAction\":[{\"@type\":\"SearchAction\",\"target\":{\"@type\":\"EntryPoint\",\"urlTemplate\":\"https:\\\/\\\/bdi-bioenergy.com\\\/?s={search_term_string}\"},\"query-input\":{\"@type\":\"PropertyValueSpecification\",\"valueRequired\":true,\"valueName\":\"search_term_string\"}}],\"inLanguage\":\"de\"},{\"@type\":\"Organization\",\"@id\":\"https:\\\/\\\/bdi-bioenergy.com\\\/#organization\",\"name\":\"BDI Bioenergy\",\"url\":\"https:\\\/\\\/bdi-bioenergy.com\\\/\",\"logo\":{\"@type\":\"ImageObject\",\"inLanguage\":\"de\",\"@id\":\"https:\\\/\\\/bdi-bioenergy.com\\\/#\\\/schema\\\/logo\\\/image\\\/\",\"url\":\"https:\\\/\\\/bdi-bioenergy.com\\\/wp-content\\\/uploads\\\/2024\\\/02\\\/logo.svg\",\"contentUrl\":\"https:\\\/\\\/bdi-bioenergy.com\\\/wp-content\\\/uploads\\\/2024\\\/02\\\/logo.svg\",\"caption\":\"BDI Bioenergy\"},\"image\":{\"@id\":\"https:\\\/\\\/bdi-bioenergy.com\\\/#\\\/schema\\\/logo\\\/image\\\/\"}}]}<\/script>\n<!-- \/ Yoast SEO plugin. -->","yoast_head_json":{"title":"CHEMICAL RECYCLING - BDI-BioEnergy International","description":"BDI GreenTech Solutions ist ein Wissenszentrum f\u00fcr die Entwicklung chemischer Prozesse, einschlie\u00dflich der SynCycle\u00ae und BB&G\u00ae Technologien.","robots":{"index":"index","follow":"follow","max-snippet":"max-snippet:-1","max-image-preview":"max-image-preview:large","max-video-preview":"max-video-preview:-1"},"canonical":"https:\/\/bdi-bioenergy.com\/de\/chemical-recycling\/","og_locale":"de_DE","og_type":"article","og_title":"CHEMICAL RECYCLING - BDI-BioEnergy International","og_description":"BDI GreenTech Solutions ist ein Wissenszentrum f\u00fcr die Entwicklung chemischer Prozesse, einschlie\u00dflich der SynCycle\u00ae und BB&G\u00ae Technologien.","og_url":"https:\/\/bdi-bioenergy.com\/de\/chemical-recycling\/","og_site_name":"BDI-BioEnergy International","article_modified_time":"2026-04-07T07:36:55+00:00","twitter_card":"summary_large_image","schema":{"@context":"https:\/\/schema.org","@graph":[{"@type":"WebPage","@id":"https:\/\/bdi-bioenergy.com\/de\/chemical-recycling\/","url":"https:\/\/bdi-bioenergy.com\/de\/chemical-recycling\/","name":"CHEMICAL RECYCLING - BDI-BioEnergy International","isPartOf":{"@id":"https:\/\/bdi-bioenergy.com\/#website"},"datePublished":"2026-03-02T10:09:59+00:00","dateModified":"2026-04-07T07:36:55+00:00","description":"BDI GreenTech Solutions ist ein Wissenszentrum f\u00fcr die Entwicklung chemischer Prozesse, einschlie\u00dflich der SynCycle\u00ae und BB&G\u00ae Technologien.","breadcrumb":{"@id":"https:\/\/bdi-bioenergy.com\/de\/chemical-recycling\/#breadcrumb"},"inLanguage":"de","potentialAction":[{"@type":"ReadAction","target":["https:\/\/bdi-bioenergy.com\/de\/chemical-recycling\/"]}]},{"@type":"BreadcrumbList","@id":"https:\/\/bdi-bioenergy.com\/de\/chemical-recycling\/#breadcrumb","itemListElement":[{"@type":"ListItem","position":1,"name":"Startseite","item":"https:\/\/bdi-bioenergy.com\/de\/"},{"@type":"ListItem","position":2,"name":"CHEMICAL RECYCLING"}]},{"@type":"WebSite","@id":"https:\/\/bdi-bioenergy.com\/#website","url":"https:\/\/bdi-bioenergy.com\/","name":"BDI Bioenergy","description":"","publisher":{"@id":"https:\/\/bdi-bioenergy.com\/#organization"},"potentialAction":[{"@type":"SearchAction","target":{"@type":"EntryPoint","urlTemplate":"https:\/\/bdi-bioenergy.com\/?s={search_term_string}"},"query-input":{"@type":"PropertyValueSpecification","valueRequired":true,"valueName":"search_term_string"}}],"inLanguage":"de"},{"@type":"Organization","@id":"https:\/\/bdi-bioenergy.com\/#organization","name":"BDI Bioenergy","url":"https:\/\/bdi-bioenergy.com\/","logo":{"@type":"ImageObject","inLanguage":"de","@id":"https:\/\/bdi-bioenergy.com\/#\/schema\/logo\/image\/","url":"https:\/\/bdi-bioenergy.com\/wp-content\/uploads\/2024\/02\/logo.svg","contentUrl":"https:\/\/bdi-bioenergy.com\/wp-content\/uploads\/2024\/02\/logo.svg","caption":"BDI Bioenergy"},"image":{"@id":"https:\/\/bdi-bioenergy.com\/#\/schema\/logo\/image\/"}}]}},"_links":{"self":[{"href":"https:\/\/bdi-bioenergy.com\/de\/wp-json\/wp\/v2\/pages\/4456","targetHints":{"allow":["GET"]}}],"collection":[{"href":"https:\/\/bdi-bioenergy.com\/de\/wp-json\/wp\/v2\/pages"}],"about":[{"href":"https:\/\/bdi-bioenergy.com\/de\/wp-json\/wp\/v2\/types\/page"}],"author":[{"embeddable":true,"href":"https:\/\/bdi-bioenergy.com\/de\/wp-json\/wp\/v2\/users\/6"}],"replies":[{"embeddable":true,"href":"https:\/\/bdi-bioenergy.com\/de\/wp-json\/wp\/v2\/comments?post=4456"}],"version-history":[{"count":8,"href":"https:\/\/bdi-bioenergy.com\/de\/wp-json\/wp\/v2\/pages\/4456\/revisions"}],"predecessor-version":[{"id":4593,"href":"https:\/\/bdi-bioenergy.com\/de\/wp-json\/wp\/v2\/pages\/4456\/revisions\/4593"}],"wp:attachment":[{"href":"https:\/\/bdi-bioenergy.com\/de\/wp-json\/wp\/v2\/media?parent=4456"}],"curies":[{"name":"wp","href":"https:\/\/api.w.org\/{rel}","templated":true}]}}