{"id":4453,"date":"2026-03-02T11:10:15","date_gmt":"2026-03-02T10:10:15","guid":{"rendered":"https:\/\/bdi-bioenergy.com\/?page_id=4453"},"modified":"2026-04-02T14:44:06","modified_gmt":"2026-04-02T12:44:06","slug":"reifen-recycling-elt","status":"publish","type":"page","link":"https:\/\/bdi-bioenergy.com\/de\/reifen-recycling-elt\/","title":{"rendered":"REIFEN RECYCLING (ELT)"},"content":{"rendered":"\r\n\t<div id=\"headerSmallImage-block_042aeb8e9411d106269ecd54efe1152d\" class=\"headerSmallImage \">\r\n\r\n\t\t\t\t\t\t\t<img decoding=\"async\" src=\"https:\/\/bdi-bioenergy.com\/wp-content\/uploads\/2026\/02\/Bilder_1920x52014.jpg\" alt=\"\">\r\n\t\t<div class=\"headerSmallImageOverlay\"><\/div>\r\n        \r\n<div class=\"headerSmallImageText\">\r\n        \t\t\t\t<h6>Technologie<\/h6>     \t\t\t\t<h2>Reifen Recycling<\/h2>\r\n    <\/div>\r\n\t\t<\/div>\r\n\n\n\t<div id=\"textOnly-block_8b3af68c41ea236f7152bfd73ddba698\" class=\"textOnly grey \">\r\n        <h1>Wo Altreifen (End-of-Life Tires) zu hochwertigen Materialien werden.<\/h1>\r\n                    <p>BDI-BioEnergy International ist Miteigent\u00fcmer der fortschrittlichen Reifenpyrolysetechnologie der Grupo <a href=\"https:\/\/bbgenv.com\/\">BB&amp;G<\/a>. Das firmeneigene Verfahren wandelt Altreifen in wertvolle Produkte um \u2013 Reifenpyrolyse\u00f6l (TPO) und zur\u00fcckgewonnenen Ru\u00df (rCB) von h\u00f6chster Qualit\u00e4t \u2013, wodurch fossiler Ru\u00df in neuen Reifen und gummibasierten Anwendungen ersetzt werden kann.<\/p>\n    \r\n\t<\/div>\r\n\n\n\t<div id=\"gridIconBlock-block_0b02903139e58a5cbdf9ac697089813b\" class=\"gridIconBlock \">\r\n\t\t<div class=\"gridIconBlockGrid\">\r\n        \t\t\t\t<img decoding=\"async\" src=\"https:\/\/bdi-bioenergy.com\/wp-content\/uploads\/2024\/02\/Gruppe-21837.svg\" alt=\"\">\r\n\t\t\r\n<h4>Innovatives Reifenrecycling<\/h4>\r\n\t\t<p>Moderne Pyrolysetechnologie macht Altreifen zu wertvollen Ressourcen.<\/div>\r\n    <div class=\"gridIconBlockGrid\">\r\n        \t\t\t\t<img decoding=\"async\" src=\"https:\/\/bdi-bioenergy.com\/wp-content\/uploads\/2024\/02\/Gruppe-21837.svg\" alt=\"\">\r\n\t\t\r\n<h4>Mehr Kreislaufwirtschaft<\/h4>\r\n\t\t<p>TPO und rCB dienen als rezyklierte Einsatzstoffe f\u00fcr neue Reifen und gummibasierte Produkte.<\/div>\r\n    <div class=\"gridIconBlockGrid\">\r\n        \t\t\t\t<img decoding=\"async\" src=\"https:\/\/bdi-bioenergy.com\/wp-content\/uploads\/2024\/02\/Gruppe-21837.svg\" alt=\"\">\r\n\t\t\r\n<h4>Komplettl\u00f6sungen f\u00fcr die Pyrolyse<\/h4>\r\n\t\t<p>Als Ihr exklusiver EPC-Partner gew\u00e4hrleistet BDI die weltweite Lieferung schl\u00fcsselfertiger Reifenpyrolyseanlagen.<\/div>\r\n    \t<\/div>\r\n\n\n\r\n    <div id=\"infoSlider-block_b0871a590332501594a52306dc4a9884\"\r\n         class=\"infoSlider infoSliderGrid\">\r\n\r\n        <div class=\"infoSliderGrid\">\r\n\t\t\t<p>BDI bietet L\u00f6sungen f\u00fcr das<span style=\"color: #129bdb\"> Recycling von Altreifen<\/span>, die \u00fcber mechanische Verfahren hinausgehen und eine fortschrittliche Materialr\u00fcckgewinnung, geringere Emissionen und eine nachhaltige Wertsch\u00f6pfung erm\u00f6glichen. Weitere Informationen finden Sie hier oder wenden Sie sich direkt an unsere Experten unter: <span style=\"color: #129bdb\"><a style=\"color: #129bdb\" href=\"mailto:bbng@bdi-bioenergy.com\">bbng@bdi-bioenergy.com<\/a><\/span>.<\/p>\n            <div class=\"sliderButtons\">\r\n                <img decoding=\"async\" class=\"sliderButtonLeft\" src=\"https:\/\/bdi-bioenergy.com\/wp-content\/themes\/bdi\/img\/left.svg\"\r\n                     alt=\"arrow\">\r\n                <img decoding=\"async\" class=\"sliderButtonRight\" src=\"https:\/\/bdi-bioenergy.com\/wp-content\/themes\/bdi\/img\/right.svg\"\r\n                     alt=\"arrow\">\r\n            <\/div>\r\n        <\/div>\r\n        <div class=\" infoSlide\">\r\n\r\n            <div class=\"swiper-wrapper\">\r\n\r\n\t                                    <div class=\"swiper-slide\">\r\n                            <img decoding=\"async\" src=\"https:\/\/bdi-bioenergy.com\/wp-content\/uploads\/2026\/02\/BIlder-Website_900x5009_gerade.png\" alt=\"slider img\" \/>\r\n\t                                                        <div class=\"infoSliderText\">\r\n                                    <h4>Reifen-Recycling-Technologie<\/h4>\r\n                                    <p>Nachhaltiges Reifenrecycling st\u00e4rkt die Kreislaufwirtschaft, reduziert den Verbrauch fossiler Ressourcen und senkt die Treibhausgasemissionen erheblich. Die innovative und propriet\u00e4re Reifenpyrolysetechnologie wandelt Altreifen in wertvolle Produkte um, darunter Reifenpyrolyse\u00f6l (TPO) und zur\u00fcckgewonnenen Ru\u00df (rCB), die beide f\u00fcr die Herstellung neuer Reifen oder alternativer Produkte auf Gummibasis wie Dichtungen und Kunststoffprodukte auf Compoundbasis verwendet werden k\u00f6nnen<\/p>\r\n                                <\/div>\r\n\r\n\t                                                <\/div>\r\n\t\t\t                                    <div class=\"swiper-slide\">\r\n                            <img decoding=\"async\" src=\"https:\/\/bdi-bioenergy.com\/wp-content\/uploads\/2026\/02\/BIlder-Website_900x5009-1.png\" alt=\"slider img\" \/>\r\n\t                                                        <div class=\"infoSliderText\">\r\n                                    <h4>Fortschrittliches Reifenrecycling f\u00fcr eine zirkul\u00e4re Zukunft<\/h4>\r\n                                    <p>Diese Innovation geht weit \u00fcber herk\u00f6mmliche mechanische Verfahren hinaus und er\u00f6ffnet neue M\u00f6glichkeiten f\u00fcr die fortschrittliche Materialr\u00fcckgewinnung. Durch die Erm\u00f6glichung einer echten Materialverwertung unterst\u00fctzt sie innovative Green-Tire-Initiativen, verringert die Abh\u00e4ngigkeit von fossilen Brennstoffen und senkt die Treibhausgasemissionen erheblich. Das Ergebnis ist eine zukunftsweisende Recyclingl\u00f6sung, die Umweltverantwortung mit klaren wirtschaftlichen Vorteilen verbindet.<\/p>\r\n                                <\/div>\r\n\r\n\t                                                <\/div>\r\n\t\t\t                                    <\/div> <\/div>\r\n        <div class=\"sliderButtons\">\r\n            <img decoding=\"async\" class=\"sliderButtonLeftbottom\" src=\"https:\/\/bdi-bioenergy.com\/wp-content\/themes\/bdi\/img\/left.svg\"\r\n                 alt=\"arrow\">\r\n            <img decoding=\"async\" class=\"sliderButtonRightbottom\" src=\"https:\/\/bdi-bioenergy.com\/wp-content\/themes\/bdi\/img\/right.svg\"\r\n                 alt=\"arrow\">\r\n        <\/div>\r\n            <\/div>\r\n\r\n    <\/div>\r\n\n\n    <div id=\"contactBlock-block_103023dfa17a18902c8683ddcabdc66f\" class=\"contactBlock \">\r\n\r\n\t\r\n\t\t        <img decoding=\"async\" src=\"https:\/\/bdi-bioenergy.com\/wp-content\/uploads\/2024\/03\/Komponente-27-\u2013-5.jpg\" alt=\"\">\r\n\t    <div class=\"contactBoxOverlay\"><\/div>\r\n    <div class=\"contactBlockText\">\r\n\r\n        <h4 class=\"colorWhite\">\r\n\t        Haben Sie Fragen? <br \/>\r\nKontaktieren Sie uns gerne.        <\/h4>\r\n\r\n\t\t            <a class=\"button colorWhite borderWhite\" href=\"https:\/\/bdi-bioenergy.com\/de\/kontakt\/\"\r\n               target=\"_self\">Kontakt<\/a>\r\n\t\t    <\/div>\r\n\r\n\r\n\t\r\n\r\n    <\/div>\r\n\n\n\t<div id=\"textWithButton-block_a79a441208918604c4a56cb910c89518\" class=\"textWithButton\">\r\n\t\t\r\n\t        <h6>HOW WE WORK<\/h6>\r\n        <h2>Mehr als 70 Referenzprojekte weltweit belegen unsere Kompetenz im internationalen Anlagenbau. Mit der Gewinnung von gr\u00fcner Energie und dem Recycling von Abfallstr\u00f6men tragen unsere Anlagen ma\u00dfgeblich zur Kreislaufwirtschaft bei.\r\n<\/h2>\r\n\t\t            <div class=\"paddingTop26\"><\/div>\r\n            <a class=\"button\" href=\"https:\/\/bdi-bioenergy.com\/de\/referenzen\/\"\r\n               target=\"_self\">Referenzen<\/a>\r\n\t\t\t\r\n                <\/div>\r\n\r\n\n\n    <div id=\"imgLittleText-block_273fbce5879480fae2664751432e797d\" class=\"imgLittleText \">\r\n\r\n\t    \r\n\r\n\r\n\t\t    \t\t                    <img decoding=\"async\" src=\"https:\/\/bdi-bioenergy.com\/wp-content\/uploads\/2024\/02\/Gruppe-21948.jpg\" alt=\"engineers at work\">\r\n\t\t    \r\n\r\n            <div class=\"contrastOverlay\"><\/div>\r\n            <div class=\"overlayContainer\">\r\n                <img decoding=\"async\" value=\"develop\" class=\"imgBlockImage develop activeOverlay\"\r\n                     src=\"https:\/\/bdi-bioenergy.com\/wp-content\/themes\/bdi\/img\/develop.svg\">\r\n\r\n                <img decoding=\"async\" value=\"design\" class=\"imgBlockImage design\"\r\n                     src=\"https:\/\/bdi-bioenergy.com\/wp-content\/themes\/bdi\/img\/design.svg\">\r\n                <img decoding=\"async\" value=\"build\" class=\"imgBlockImage build\"\r\n                     src=\"https:\/\/bdi-bioenergy.com\/wp-content\/themes\/bdi\/img\/build.svg\">\r\n\r\n                <!-- Develop Text-->\r\n                <div value=\"develop\" class=\"imgBlockText enable\">\r\n                    <img decoding=\"async\" value=\"develop\" class=\"imgBlockImageMobile developMobile\" src=\"https:\/\/bdi-bioenergy.com\/wp-content\/themes\/bdi\/img\/developMobile.svg\">\r\n                    <h6>FORSCHUNG UND TECHNOLOGIEENTWICKLUNG <\/h6>\r\n                    <p>Wir erforschen und entwickeln innovative Technologien, um wertvolle Ressourcen zu schonen und die Kreislaufwirtschaft voranzutreiben.<\/p>\r\n                <\/div>\r\n\r\n                <!-- Design Text-->\r\n                <div value=\"design\" class=\"imgBlockText disabled\">\r\n                    <img decoding=\"async\" value=\"design\" class=\"imgBlockImageMobile designMobile\" src=\"https:\/\/bdi-bioenergy.com\/wp-content\/themes\/bdi\/img\/designMobile.svg\">\r\n                    <h6>PROZESSDESIGN UND SCALE-UP <\/h6>\r\n                    <p>Das Prozessdesign unserer Technologien l\u00e4sst sich individuell skalieren und an unterschiedliche Produktionsparameter anpassen.<\/p>\r\n\r\n                <\/div>\r\n\r\n                <!-- Build Text-->\r\n                <div value=\"build\" class=\"imgBlockText disabled\">\r\n                    <img decoding=\"async\" value=\"build\" class=\"imgBlockImageMobile buildMobile\" src=\"https:\/\/bdi-bioenergy.com\/wp-content\/themes\/bdi\/img\/buildMobile.svg\">\r\n                    <h6>ANLAGENBAU UND INBETRIEBNAHME <\/h6>\r\n                    <p>Vom Engineering und Anlagenbau bis zur Inbetriebnahme mit anschlie\u00dfendem Customer Service unterst\u00fctzen wir unsere Kunden entlang der gesamten Wertsch\u00f6pfungskette.<\/p>\r\n                <\/div>\r\n            <\/div>\r\n\r\n            <\/div>\r\n\r\n\t        <\/div>\r\n\n\n    <div id=\"news-block_3eecf0a9444ea5b056ae69ce6b96c03a\" class=\"news \">\r\n\r\n        <h6>News<\/h6>\r\n        \r\n\r\n        <div class=\"newsGridContainer\">\r\n                                <div class=\"newsGridItem\">\r\n\r\n                        <p style=\"pointer-events: none\"><a href=\"https:\/\/bdi-bioenergy.com\/de\/category\/news\/press-release-de\/\" rel=\"category tag\">Press Release<\/a><\/p>\r\n                        <a href=\"https:\/\/bdi-bioenergy.com\/de\/news\/prismore-capital-bdi-bioenergy-international-and-rieckermann-announce-strategic-investment-in-tire-pyrolysis-technology\/\">\r\n                                                            <img loading=\"lazy\" decoding=\"async\" width=\"5519\" height=\"3468\" src=\"https:\/\/bdi-bioenergy.com\/wp-content\/uploads\/2025\/05\/MG_4327.jpg\" class=\"attachment-post-thumbnail size-post-thumbnail wp-post-image\" alt=\"\" srcset=\"https:\/\/bdi-bioenergy.com\/wp-content\/uploads\/2025\/05\/MG_4327.jpg 5519w, https:\/\/bdi-bioenergy.com\/wp-content\/uploads\/2025\/05\/MG_4327-300x189.jpg 300w, https:\/\/bdi-bioenergy.com\/wp-content\/uploads\/2025\/05\/MG_4327-1200x754.jpg 1200w, https:\/\/bdi-bioenergy.com\/wp-content\/uploads\/2025\/05\/MG_4327-1920x1206.jpg 1920w\" sizes=\"auto, (max-width: 5519px) 100vw, 5519px\" \/>                                                        <h6>Prismore Capital, BDI-BioEnergy International GmbH und JR New Horizons erwerben gemeinsam die fortschrittliche Reifenpyrolysetechnologie von Grupo BB&amp;G<\/h6>\r\n                        <\/a>\r\n                    <\/div>\r\n                                    <div class=\"newsGridItem\">\r\n\r\n                        <p style=\"pointer-events: none\"><a href=\"https:\/\/bdi-bioenergy.com\/de\/category\/news\/presse\/\" rel=\"category tag\">Presse<\/a><\/p>\r\n                        <a href=\"https:\/\/bdi-bioenergy.com\/de\/news\/bdi-bioenergy-international-errichtet-eine-innovative-pretreatment-anlage-fuer-rohstoffe-fuer-biokraftstoffe\/\">\r\n                                                            <img loading=\"lazy\" decoding=\"async\" width=\"729\" height=\"485\" src=\"https:\/\/bdi-bioenergy.com\/wp-content\/uploads\/2025\/04\/Beitragsbild-Website-Ferro.jpg\" class=\"attachment-post-thumbnail size-post-thumbnail wp-post-image\" alt=\"\" srcset=\"https:\/\/bdi-bioenergy.com\/wp-content\/uploads\/2025\/04\/Beitragsbild-Website-Ferro.jpg 729w, https:\/\/bdi-bioenergy.com\/wp-content\/uploads\/2025\/04\/Beitragsbild-Website-Ferro-300x200.jpg 300w\" sizes=\"auto, (max-width: 729px) 100vw, 729px\" \/>                                                        <h6>BDI-BioEnergy International errichtet eine innovative PreTreatment Anlage f\u00fcr Rohstoffe f\u00fcr Biokraftstoffe<\/h6>\r\n                        <\/a>\r\n                    <\/div>\r\n                                    <div class=\"newsGridItem\">\r\n\r\n                        <p style=\"pointer-events: none\"><a href=\"https:\/\/bdi-bioenergy.com\/de\/category\/news\/presse\/\" rel=\"category tag\">Presse<\/a><\/p>\r\n                        <a href=\"https:\/\/bdi-bioenergy.com\/de\/news\/neue-greenstock-pretreatment-anlage-ab-2027-bdi-bioenergy-international-sorgt-fuer-nachhaltigkeit-und-effizienz\/\">\r\n                                                            <img loading=\"lazy\" decoding=\"async\" width=\"593\" height=\"440\" src=\"https:\/\/bdi-bioenergy.com\/wp-content\/uploads\/2024\/04\/BDI_445x33019.jpg\" class=\"attachment-post-thumbnail size-post-thumbnail wp-post-image\" alt=\"\" srcset=\"https:\/\/bdi-bioenergy.com\/wp-content\/uploads\/2024\/04\/BDI_445x33019.jpg 593w, https:\/\/bdi-bioenergy.com\/wp-content\/uploads\/2024\/04\/BDI_445x33019-300x223.jpg 300w\" sizes=\"auto, (max-width: 593px) 100vw, 593px\" \/>                                                        <h6>Neue Greenstock PreTreatment Anlage ab 2027: BDI sorgt f\u00fcr Nachhaltigkeit und Effizienz<\/h6>\r\n                        <\/a>\r\n                    <\/div>\r\n                        <\/div>\r\n\r\n        <div class=\"newsButton\">\r\n                        <a class=\"button\" href=\"https:\/\/bdi-bioenergy.com\/de\/\/news\">Alle anzeigen<\/a>\r\n        <\/div>\r\n    <\/div>\r\n\n\n\r\n    <div id=\"newsLetterBlock-block_9a376781402b29cc2028b000ee7936ce\" class=\"newsLetterBlock\">\r\n        <div id=\"newsletter\" class=\"newsLetterGridContainer\">\r\n\t\r\n            <div class=\"gridItemLeft\">\r\n\t            <p>Verpassen Sie nichts mehr und abonnieren Sie unseren<span style=\"color: #ffffff;\"> Newsletter!<\/span><\/p>\n\r\n            <\/div>\r\n            <div class=\"newsLettergridItemRight\">\r\n\t\t\t\t<script>(function() {\n\twindow.mc4wp = window.mc4wp || {\n\t\tlisteners: [],\n\t\tforms: {\n\t\t\ton: function(evt, cb) {\n\t\t\t\twindow.mc4wp.listeners.push(\n\t\t\t\t\t{\n\t\t\t\t\t\tevent   : evt,\n\t\t\t\t\t\tcallback: cb\n\t\t\t\t\t}\n\t\t\t\t);\n\t\t\t}\n\t\t}\n\t}\n})();\n<\/script><!-- Mailchimp for WordPress v4.12.1 - https:\/\/wordpress.org\/plugins\/mailchimp-for-wp\/ --><form id=\"mc4wp-form-1\" class=\"mc4wp-form mc4wp-form-344\" method=\"post\" data-id=\"344\" data-name=\"Newsletter\" ><div class=\"mc4wp-form-fields\"><div class=\"newsLetter\">\r\n\t\r\n<input class=\"emailInput\" type=\"email\" name=\"EMAIL\" placeholder=\"Ihre E-Mail Adresse\" required \/>\r\n\r\n\r\n<p>\r\n\t<input class=\"newsletterSubmit\" type=\"submit\" value=\"anmelden\" \/>\r\n<\/p>\r\n<\/div><\/div><label style=\"display: none !important;\">Wenn du ein Mensch bist, lasse das Feld leer: <input type=\"text\" name=\"_mc4wp_honeypot\" value=\"\" tabindex=\"-1\" autocomplete=\"off\" \/><\/label><input type=\"hidden\" name=\"_mc4wp_timestamp\" value=\"1777053267\" \/><input type=\"hidden\" name=\"_mc4wp_form_id\" value=\"344\" \/><input type=\"hidden\" name=\"_mc4wp_form_element_id\" value=\"mc4wp-form-1\" \/><div class=\"mc4wp-response\"><\/div><\/form><!-- \/ Mailchimp for WordPress Plugin -->                <div class=\"termsOfService\">\r\n\t                <p>Mit der Anmeldung erkl\u00e4re ich mich mit den <a href=\"http:\/\/bdi-bioenergy.com.w01f9af2.kasserver.com\/newSite\/impressum\/\" target=\"_blank\" rel=\"noopener\">Nutzungsbedingungen<\/a> und der <a href=\"http:\/\/bdi-bioenergy.com.w01f9af2.kasserver.com\/newSite\/datenschutz\/\" target=\"_blank\" rel=\"noopener\">Datenschutzrichtlinie<\/a> einverstanden.<\/p>\n                <\/div>\r\n            <\/div>\r\n\t        <\/div>\r\n\r\n    <\/div>\r\n","protected":false},"excerpt":{"rendered":"","protected":false},"author":6,"featured_media":0,"parent":0,"menu_order":0,"comment_status":"closed","ping_status":"closed","template":"","meta":{"_acf_changed":false,"footnotes":""},"class_list":["post-4453","page","type-page","status-publish","hentry"],"acf":[],"yoast_head":"<!-- This site is optimized with the Yoast SEO plugin v27.3 - https:\/\/yoast.com\/product\/yoast-seo-wordpress\/ -->\n<title>REIFEN RECYCLING (ELT) - BDI-BioEnergy International<\/title>\n<meta name=\"description\" content=\"BDI GreenTech Solutions ist ein Wissenszentrum f\u00fcr die Entwicklung chemischer Prozesse, einschlie\u00dflich der SynCycle\u00ae und BB&amp;G\u00ae Technologien.\" \/>\n<meta name=\"robots\" content=\"index, follow, max-snippet:-1, max-image-preview:large, max-video-preview:-1\" \/>\n<link rel=\"canonical\" href=\"https:\/\/bdi-bioenergy.com\/de\/reifen-recycling-elt\/\" \/>\n<meta property=\"og:locale\" content=\"de_DE\" \/>\n<meta property=\"og:type\" content=\"article\" \/>\n<meta property=\"og:title\" content=\"REIFEN RECYCLING (ELT) - BDI-BioEnergy International\" \/>\n<meta property=\"og:description\" content=\"BDI GreenTech Solutions ist ein Wissenszentrum f\u00fcr die Entwicklung chemischer Prozesse, einschlie\u00dflich der SynCycle\u00ae und BB&amp;G\u00ae Technologien.\" \/>\n<meta property=\"og:url\" content=\"https:\/\/bdi-bioenergy.com\/de\/reifen-recycling-elt\/\" \/>\n<meta property=\"og:site_name\" content=\"BDI-BioEnergy International\" \/>\n<meta property=\"article:modified_time\" content=\"2026-04-02T12:44:06+00:00\" \/>\n<meta name=\"twitter:card\" content=\"summary_large_image\" \/>\n<script type=\"application\/ld+json\" class=\"yoast-schema-graph\">{\"@context\":\"https:\\\/\\\/schema.org\",\"@graph\":[{\"@type\":\"WebPage\",\"@id\":\"https:\\\/\\\/bdi-bioenergy.com\\\/de\\\/reifen-recycling-elt\\\/\",\"url\":\"https:\\\/\\\/bdi-bioenergy.com\\\/de\\\/reifen-recycling-elt\\\/\",\"name\":\"REIFEN RECYCLING (ELT) - BDI-BioEnergy International\",\"isPartOf\":{\"@id\":\"https:\\\/\\\/bdi-bioenergy.com\\\/#website\"},\"datePublished\":\"2026-03-02T10:10:15+00:00\",\"dateModified\":\"2026-04-02T12:44:06+00:00\",\"description\":\"BDI GreenTech Solutions ist ein Wissenszentrum f\u00fcr die Entwicklung chemischer Prozesse, einschlie\u00dflich der SynCycle\u00ae und BB&G\u00ae Technologien.\",\"breadcrumb\":{\"@id\":\"https:\\\/\\\/bdi-bioenergy.com\\\/de\\\/reifen-recycling-elt\\\/#breadcrumb\"},\"inLanguage\":\"de\",\"potentialAction\":[{\"@type\":\"ReadAction\",\"target\":[\"https:\\\/\\\/bdi-bioenergy.com\\\/de\\\/reifen-recycling-elt\\\/\"]}]},{\"@type\":\"BreadcrumbList\",\"@id\":\"https:\\\/\\\/bdi-bioenergy.com\\\/de\\\/reifen-recycling-elt\\\/#breadcrumb\",\"itemListElement\":[{\"@type\":\"ListItem\",\"position\":1,\"name\":\"Startseite\",\"item\":\"https:\\\/\\\/bdi-bioenergy.com\\\/de\\\/\"},{\"@type\":\"ListItem\",\"position\":2,\"name\":\"REIFEN RECYCLING (ELT)\"}]},{\"@type\":\"WebSite\",\"@id\":\"https:\\\/\\\/bdi-bioenergy.com\\\/#website\",\"url\":\"https:\\\/\\\/bdi-bioenergy.com\\\/\",\"name\":\"BDI Bioenergy\",\"description\":\"\",\"publisher\":{\"@id\":\"https:\\\/\\\/bdi-bioenergy.com\\\/#organization\"},\"potentialAction\":[{\"@type\":\"SearchAction\",\"target\":{\"@type\":\"EntryPoint\",\"urlTemplate\":\"https:\\\/\\\/bdi-bioenergy.com\\\/?s={search_term_string}\"},\"query-input\":{\"@type\":\"PropertyValueSpecification\",\"valueRequired\":true,\"valueName\":\"search_term_string\"}}],\"inLanguage\":\"de\"},{\"@type\":\"Organization\",\"@id\":\"https:\\\/\\\/bdi-bioenergy.com\\\/#organization\",\"name\":\"BDI Bioenergy\",\"url\":\"https:\\\/\\\/bdi-bioenergy.com\\\/\",\"logo\":{\"@type\":\"ImageObject\",\"inLanguage\":\"de\",\"@id\":\"https:\\\/\\\/bdi-bioenergy.com\\\/#\\\/schema\\\/logo\\\/image\\\/\",\"url\":\"https:\\\/\\\/bdi-bioenergy.com\\\/wp-content\\\/uploads\\\/2024\\\/02\\\/logo.svg\",\"contentUrl\":\"https:\\\/\\\/bdi-bioenergy.com\\\/wp-content\\\/uploads\\\/2024\\\/02\\\/logo.svg\",\"caption\":\"BDI Bioenergy\"},\"image\":{\"@id\":\"https:\\\/\\\/bdi-bioenergy.com\\\/#\\\/schema\\\/logo\\\/image\\\/\"}}]}<\/script>\n<!-- \/ Yoast SEO plugin. -->","yoast_head_json":{"title":"REIFEN RECYCLING (ELT) - BDI-BioEnergy International","description":"BDI GreenTech Solutions ist ein Wissenszentrum f\u00fcr die Entwicklung chemischer Prozesse, einschlie\u00dflich der SynCycle\u00ae und BB&G\u00ae Technologien.","robots":{"index":"index","follow":"follow","max-snippet":"max-snippet:-1","max-image-preview":"max-image-preview:large","max-video-preview":"max-video-preview:-1"},"canonical":"https:\/\/bdi-bioenergy.com\/de\/reifen-recycling-elt\/","og_locale":"de_DE","og_type":"article","og_title":"REIFEN RECYCLING (ELT) - BDI-BioEnergy International","og_description":"BDI GreenTech Solutions ist ein Wissenszentrum f\u00fcr die Entwicklung chemischer Prozesse, einschlie\u00dflich der SynCycle\u00ae und BB&G\u00ae Technologien.","og_url":"https:\/\/bdi-bioenergy.com\/de\/reifen-recycling-elt\/","og_site_name":"BDI-BioEnergy International","article_modified_time":"2026-04-02T12:44:06+00:00","twitter_card":"summary_large_image","schema":{"@context":"https:\/\/schema.org","@graph":[{"@type":"WebPage","@id":"https:\/\/bdi-bioenergy.com\/de\/reifen-recycling-elt\/","url":"https:\/\/bdi-bioenergy.com\/de\/reifen-recycling-elt\/","name":"REIFEN RECYCLING (ELT) - BDI-BioEnergy International","isPartOf":{"@id":"https:\/\/bdi-bioenergy.com\/#website"},"datePublished":"2026-03-02T10:10:15+00:00","dateModified":"2026-04-02T12:44:06+00:00","description":"BDI GreenTech Solutions ist ein Wissenszentrum f\u00fcr die Entwicklung chemischer Prozesse, einschlie\u00dflich der SynCycle\u00ae und BB&G\u00ae Technologien.","breadcrumb":{"@id":"https:\/\/bdi-bioenergy.com\/de\/reifen-recycling-elt\/#breadcrumb"},"inLanguage":"de","potentialAction":[{"@type":"ReadAction","target":["https:\/\/bdi-bioenergy.com\/de\/reifen-recycling-elt\/"]}]},{"@type":"BreadcrumbList","@id":"https:\/\/bdi-bioenergy.com\/de\/reifen-recycling-elt\/#breadcrumb","itemListElement":[{"@type":"ListItem","position":1,"name":"Startseite","item":"https:\/\/bdi-bioenergy.com\/de\/"},{"@type":"ListItem","position":2,"name":"REIFEN RECYCLING (ELT)"}]},{"@type":"WebSite","@id":"https:\/\/bdi-bioenergy.com\/#website","url":"https:\/\/bdi-bioenergy.com\/","name":"BDI Bioenergy","description":"","publisher":{"@id":"https:\/\/bdi-bioenergy.com\/#organization"},"potentialAction":[{"@type":"SearchAction","target":{"@type":"EntryPoint","urlTemplate":"https:\/\/bdi-bioenergy.com\/?s={search_term_string}"},"query-input":{"@type":"PropertyValueSpecification","valueRequired":true,"valueName":"search_term_string"}}],"inLanguage":"de"},{"@type":"Organization","@id":"https:\/\/bdi-bioenergy.com\/#organization","name":"BDI Bioenergy","url":"https:\/\/bdi-bioenergy.com\/","logo":{"@type":"ImageObject","inLanguage":"de","@id":"https:\/\/bdi-bioenergy.com\/#\/schema\/logo\/image\/","url":"https:\/\/bdi-bioenergy.com\/wp-content\/uploads\/2024\/02\/logo.svg","contentUrl":"https:\/\/bdi-bioenergy.com\/wp-content\/uploads\/2024\/02\/logo.svg","caption":"BDI Bioenergy"},"image":{"@id":"https:\/\/bdi-bioenergy.com\/#\/schema\/logo\/image\/"}}]}},"_links":{"self":[{"href":"https:\/\/bdi-bioenergy.com\/de\/wp-json\/wp\/v2\/pages\/4453","targetHints":{"allow":["GET"]}}],"collection":[{"href":"https:\/\/bdi-bioenergy.com\/de\/wp-json\/wp\/v2\/pages"}],"about":[{"href":"https:\/\/bdi-bioenergy.com\/de\/wp-json\/wp\/v2\/types\/page"}],"author":[{"embeddable":true,"href":"https:\/\/bdi-bioenergy.com\/de\/wp-json\/wp\/v2\/users\/6"}],"replies":[{"embeddable":true,"href":"https:\/\/bdi-bioenergy.com\/de\/wp-json\/wp\/v2\/comments?post=4453"}],"version-history":[{"count":6,"href":"https:\/\/bdi-bioenergy.com\/de\/wp-json\/wp\/v2\/pages\/4453\/revisions"}],"predecessor-version":[{"id":4576,"href":"https:\/\/bdi-bioenergy.com\/de\/wp-json\/wp\/v2\/pages\/4453\/revisions\/4576"}],"wp:attachment":[{"href":"https:\/\/bdi-bioenergy.com\/de\/wp-json\/wp\/v2\/media?parent=4453"}],"curies":[{"name":"wp","href":"https:\/\/api.w.org\/{rel}","templated":true}]}}