{"id":359,"date":"2024-02-16T13:32:07","date_gmt":"2024-02-16T12:32:07","guid":{"rendered":"\/?page_id=359"},"modified":"2024-12-03T08:46:06","modified_gmt":"2024-12-03T07:46:06","slug":"impressum","status":"publish","type":"page","link":"https:\/\/bdi-bioenergy.com\/de\/impressum\/","title":{"rendered":"Impressum"},"content":{"rendered":"\r\n\t<div id=\"headerSmallImage-block_4c5a57aa2686c7898652cdfed3e95ae9\" class=\"headerSmallImage \">\r\n\r\n\t\t\t\t\t\t\t<img decoding=\"async\" src=\"https:\/\/bdi-bioenergy.com\/wp-content\/uploads\/2024\/03\/Komponente-27-\u2013-5.jpg\" alt=\"\">\r\n\t\t<div class=\"headerSmallImageOverlay\"><\/div>\r\n        \r\n<div class=\"headerSmallImageText\">\r\n        \t\t\t\t<h6>BDI-BioEnergy International<\/h6>     \t\t\t\t<h2>Impressum<\/h2>\r\n    <\/div>\r\n\t\t<\/div>\r\n\n\n\t<div id=\"textOnly-block_524b54d19ab26d08f4f86b82bde54195\" class=\"textOnly  textonlyfullwith\">\r\n                <p>&nbsp;<\/p>\n<p class=\"adsimple-122756298\">Angaben gem\u00e4\u00df Informationspflicht laut \u00a75 E-Commerce Gesetz, \u00a714 Unternehmensgesetzbuch, \u00a763 Gewerbeordnung und Offenlegungspflicht laut \u00a725 Mediengesetz.<\/p>\n<p class=\"adsimple-122756298\">BDI-BioEnergy International GmbH<br \/>\nParkring 18,<br \/>\n8074 Raaba-Grambach,<br \/>\n\u00d6sterreich<\/p>\n<p class=\"adsimple-122756298\"><strong>Unternehmensgegenstand:<\/strong> Ingenieurb\u00fcros (Beratende Ingenieure) auf dem Fachgebiet Verfahrenstechnik<br \/>\n<strong>UID-Nummer:<\/strong> ATU72816615<br \/>\n<strong>GLN:<\/strong> 9110025658665<br \/>\n<strong>GISA:<\/strong> 36035304<br \/>\n<strong>Firmenbuchnummer:<\/strong> 482540v<br \/>\n<strong>Firmenbuchgericht:<\/strong> Landes- als Handelsgericht Graz<br \/>\n<strong>Firmensitz:<\/strong> 8074 Raaba-Grambach<\/p>\n<p class=\"adsimple-122756298\"><strong>Tel.:<\/strong> +43 316 4009 100<br \/>\n<strong>Fax:<\/strong> +43 316 4009 110<br \/>\n<strong>E-Mail:<\/strong> <a href=\"mailto:bdi@bdi-bioenergy.com\">bdi@bdi-bioenergy.com<\/a><\/p>\n<p class=\"adsimple-122756298\"><strong>Mitglied bei:<\/strong> WKO, Steiermark<br \/>\n<strong>Berufsrecht:<\/strong> Gewerbeordnung: www.ris.bka.gv.at<\/p>\n<p class=\"adsimple-122756298\"><strong>Aufsichtsbeh\u00f6rde\/Gewerbebeh\u00f6rde:<\/strong> Bezirkshauptmannschaft Graz-Umgebung<br \/>\n<strong>Berufsbezeichnung:<\/strong> Ingenieurb\u00fcros (Beratende Ingenieure) auf dem Fachgebiet Verfahrenstechnik<br \/>\n<strong>Verleihungsstaat:<\/strong> \u00d6sterreich<\/p>\n<p class=\"adsimple-122756298\"><strong>Gesch\u00e4ftsf\u00fchrer<\/strong><\/p>\n<p>Dipl.-Ing. Manfred Baumgartner<br \/>\nMMMag. David Niederl<\/p>\n<p class=\"adsimple-122756298\"><strong>Beteiligungsverh\u00e4ltnisse<\/strong><\/p>\n<p>BDI Holding GmbH, JR New Horizons GmbH, KVT Beteiligung GmbH<\/p>\n<p class=\"adsimple-122756298\"><strong>Kontaktdaten des Verantwortlichen f\u00fcr Datenschutz<\/strong><\/p>\n<p>Sollten Sie Fragen zum Datenschutz haben, finden Sie nachfolgend die Kontaktdaten der verantwortlichen Person bzw. Stelle:<br \/>\nMag. Michael Hirth<br \/>\nE-Mail-Adresse: <a href=\"mailto:hirth@lhra.at\">hirth@lhra.at<\/a><\/p>\n<p>Telefon: +43 316 710111<br \/>\nImpressum: <a href=\"https:\/\/lhra.at\/impressum\/\" target=\"_self\" rel=\"noopener\">https:\/\/lhra.at\/impressum\/<\/a><\/p>\n<h2 id=\"eu-streitschlichtung\" class=\"adsimple-122756298\">EU-Streitschlichtung<\/h2>\n<p>Gem\u00e4\u00df Verordnung \u00fcber Online-Streitbeilegung in Verbraucherangelegenheiten (ODR-Verordnung) m\u00f6chten wir Sie \u00fcber die Online-Streitbeilegungsplattform (OS-Plattform) informieren.<br \/>\nVerbraucher haben die M\u00f6glichkeit, Beschwerden an die Online Streitbeilegungsplattform der Europ\u00e4ischen Kommission unter <a class=\"adsimple-122756298\" href=\"https:\/\/ec.europa.eu\/consumers\/odr\/main\/index.cfm?event=main.home2.show&amp;lng=DE\" target=\"_blank\" rel=\"follow noopener\">https:\/\/ec.europa.eu\/consumers\/odr\/main\/index.cfm?event=main.home2.show&amp;lng=DE<\/a> zu richten. Die daf\u00fcr notwendigen Kontaktdaten finden Sie oberhalb in unserem Impressum.<\/p>\n<p>Wir m\u00f6chten Sie jedoch darauf hinweisen, dass wir nicht bereit oder verpflichtet sind, an Streitbeilegungsverfahren vor einer Verbraucherschlichtungsstelle teilzunehmen.<\/p>\n<h2 id=\"haftung-fuer-inhalte-dieser-webseite\" class=\"adsimple-122756298\">Haftung f\u00fcr Inhalte dieser Website<\/h2>\n<p>Wir entwickeln die Inhalte dieser Website st\u00e4ndig weiter und bem\u00fchen uns korrekte und aktuelle Informationen bereitzustellen. Leider k\u00f6nnen wir keine Haftung f\u00fcr die Korrektheit aller Inhalte auf dieser Website \u00fcbernehmen, speziell f\u00fcr jene, die seitens Dritter bereitgestellt wurden. Als Diensteanbieter sind wir nicht verpflichtet, die von Ihnen \u00fcbermittelten oder gespeicherten Informationen zu \u00fcberwachen oder nach Umst\u00e4nden zu forschen, die auf eine rechtswidrige T\u00e4tigkeit hinweisen.<\/p>\n<p>Unsere Verpflichtungen zur Entfernung von Informationen oder zur Sperrung der Nutzung von Informationen nach den allgemeinen Gesetzen aufgrund von gerichtlichen oder beh\u00f6rdlichen Anordnungen bleiben auch im Falle unserer Nichtverantwortlichkeit davon unber\u00fchrt.<\/p>\n<p>Sollten Ihnen problematische oder rechtswidrige Inhalte auffallen, bitte wir Sie uns umgehend zu kontaktieren, damit wir die rechtswidrigen Inhalte entfernen k\u00f6nnen. Sie finden die Kontaktdaten im Impressum.<\/p>\n<h2 id=\"haftung-links-webseite\" class=\"adsimple-122756298\">Haftung f\u00fcr Links auf dieser Website<\/h2>\n<p>Unsere Website enth\u00e4lt Links zu anderen Websites f\u00fcr deren Inhalt wir nicht verantwortlich sind. Haftung f\u00fcr verlinkte Websites besteht f\u00fcr uns nicht, da wir keine Kenntnis rechtswidriger T\u00e4tigkeiten hatten und haben, uns solche Rechtswidrigkeiten auch bisher nicht aufgefallen sind und wir Links sofort entfernen w\u00fcrden, wenn uns Rechtswidrigkeiten bekannt werden.<\/p>\n<p>Wenn Ihnen rechtswidrige Links auf unserer Website auffallen, bitte wir Sie uns zu kontaktieren. Sie finden die Kontaktdaten im Impressum.<\/p>\n<h2 id=\"urheberrechtshinweis\" class=\"adsimple-122756298\">Urheberrechtshinweis<\/h2>\n<p>Alle Inhalte dieser Webseite (Bilder, Fotos, Texte, Videos) unterliegen dem Urheberrecht. Bitte fragen Sie uns bevor Sie die Inhalte dieser Website verbreiten, vervielf\u00e4ltigen oder verwerten wie zum Beispiel auf anderen Websites erneut ver\u00f6ffentlichen. Falls notwendig, werden wir die unerlaubte Nutzung von Teilen der Inhalte unserer Seite rechtlich verfolgen.<\/p>\n<p>Sollten Sie auf dieser Webseite Inhalte finden, die das Urheberrecht verletzen, bitten wir Sie uns zu kontaktieren.<\/p>\n<h2 id=\"bildernachweis\" class=\"adsimple-122756298\">Bildernachweis<\/h2>\n<p>Die Bilder, Fotos und Grafiken auf dieser Webseite sind urheberrechtlich gesch\u00fctzt.<\/p>\n<p>Die Bilderrechte liegen bei:<\/p>\n<p>Fotograf Thomas Kubin<br \/>\nFotograf Helmut Pierer<br \/>\nFotograf Otmar Winterleitner<\/p>\n<p>Alle Texte sind urheberrechtlich gesch\u00fctzt.<\/p>\n    \r\n\t<\/div>\r\n\n\n\r\n    <div id=\"newsLetterBlock-block_4f0e51f21214ff39f6a4a8b9efe5d20e\" class=\"newsLetterBlock\">\r\n        <div id=\"newsletter\" class=\"newsLetterGridContainer\">\r\n\t\r\n            <div class=\"gridItemLeft\">\r\n\t            <p>Verpassen Sie nichts mehr und abonnieren Sie unseren<span style=\"color: #ffffff;\"> Newsletter!<\/span><\/p>\n\r\n            <\/div>\r\n            <div class=\"newsLettergridItemRight\">\r\n\t\t\t\t<script>(function() {\n\twindow.mc4wp = window.mc4wp || {\n\t\tlisteners: [],\n\t\tforms: {\n\t\t\ton: function(evt, cb) {\n\t\t\t\twindow.mc4wp.listeners.push(\n\t\t\t\t\t{\n\t\t\t\t\t\tevent   : evt,\n\t\t\t\t\t\tcallback: cb\n\t\t\t\t\t}\n\t\t\t\t);\n\t\t\t}\n\t\t}\n\t}\n})();\n<\/script><!-- Mailchimp for WordPress v4.12.3 - https:\/\/wordpress.org\/plugins\/mailchimp-for-wp\/ --><form id=\"mc4wp-form-1\" class=\"mc4wp-form mc4wp-form-344\" method=\"post\" data-id=\"344\" data-name=\"Newsletter\" ><div class=\"mc4wp-form-fields\"><div class=\"newsLetter\">\r\n\t\r\n<input class=\"emailInput\" type=\"email\" name=\"EMAIL\" placeholder=\"Ihre E-Mail Adresse\" required \/>\r\n\r\n\r\n<p>\r\n\t<input class=\"newsletterSubmit\" type=\"submit\" value=\"anmelden\" \/>\r\n<\/p>\r\n<\/div><\/div><label style=\"display: none !important;\">Wenn du ein Mensch bist, lasse das Feld leer: <input type=\"text\" name=\"_mc4wp_honeypot\" value=\"\" tabindex=\"-1\" autocomplete=\"off\" \/><\/label><input type=\"hidden\" name=\"_mc4wp_timestamp\" value=\"1778326594\" \/><input type=\"hidden\" name=\"_mc4wp_form_id\" value=\"344\" \/><input type=\"hidden\" name=\"_mc4wp_form_element_id\" value=\"mc4wp-form-1\" \/><div class=\"mc4wp-response\"><\/div><\/form><!-- \/ Mailchimp for WordPress Plugin -->                <div class=\"termsOfService\">\r\n\t                <p>Mit der Anmeldung erkl\u00e4re ich mich mit den <a href=\"http:\/\/bdi-bioenergy.com.w01f9af2.kasserver.com\/newSite\/impressum\/\" target=\"_blank\" rel=\"noopener\">Nutzungsbedingungen<\/a> und der <a href=\"http:\/\/bdi-bioenergy.com.w01f9af2.kasserver.com\/newSite\/datenschutz\/\" target=\"_blank\" rel=\"noopener\">Datenschutzrichtlinie<\/a> einverstanden.<\/p>\n                <\/div>\r\n            <\/div>\r\n\t        <\/div>\r\n\r\n    <\/div>\r\n","protected":false},"excerpt":{"rendered":"","protected":false},"author":1,"featured_media":0,"parent":0,"menu_order":0,"comment_status":"closed","ping_status":"closed","template":"","meta":{"_acf_changed":false,"footnotes":""},"class_list":["post-359","page","type-page","status-publish","hentry"],"acf":[],"yoast_head":"<!-- This site is optimized with the Yoast SEO plugin v27.5 - https:\/\/yoast.com\/product\/yoast-seo-wordpress\/ -->\n<title>Impressum - BDI-BioEnergy International<\/title>\n<meta name=\"robots\" content=\"index, follow, max-snippet:-1, max-image-preview:large, max-video-preview:-1\" \/>\n<link rel=\"canonical\" href=\"https:\/\/bdi-bioenergy.com\/imprint\/\" \/>\n<meta property=\"og:locale\" content=\"de_DE\" \/>\n<meta property=\"og:type\" content=\"article\" \/>\n<meta property=\"og:title\" content=\"Impressum - BDI-BioEnergy International\" \/>\n<meta property=\"og:url\" content=\"https:\/\/bdi-bioenergy.com\/imprint\/\" \/>\n<meta property=\"og:site_name\" content=\"BDI-BioEnergy International\" \/>\n<meta property=\"article:modified_time\" content=\"2024-12-03T07:46:06+00:00\" \/>\n<meta name=\"twitter:card\" content=\"summary_large_image\" \/>\n<script type=\"application\/ld+json\" class=\"yoast-schema-graph\">{\"@context\":\"https:\\\/\\\/schema.org\",\"@graph\":[{\"@type\":\"WebPage\",\"@id\":\"https:\\\/\\\/bdi-bioenergy.com\\\/imprint\\\/\",\"url\":\"https:\\\/\\\/bdi-bioenergy.com\\\/imprint\\\/\",\"name\":\"Impressum - BDI-BioEnergy International\",\"isPartOf\":{\"@id\":\"https:\\\/\\\/bdi-bioenergy.com\\\/#website\"},\"datePublished\":\"2024-02-16T12:32:07+00:00\",\"dateModified\":\"2024-12-03T07:46:06+00:00\",\"breadcrumb\":{\"@id\":\"https:\\\/\\\/bdi-bioenergy.com\\\/imprint\\\/#breadcrumb\"},\"inLanguage\":\"de\",\"potentialAction\":[{\"@type\":\"ReadAction\",\"target\":[\"https:\\\/\\\/bdi-bioenergy.com\\\/imprint\\\/\"]}]},{\"@type\":\"BreadcrumbList\",\"@id\":\"https:\\\/\\\/bdi-bioenergy.com\\\/imprint\\\/#breadcrumb\",\"itemListElement\":[{\"@type\":\"ListItem\",\"position\":1,\"name\":\"Startseite\",\"item\":\"https:\\\/\\\/bdi-bioenergy.com\\\/de\\\/\"},{\"@type\":\"ListItem\",\"position\":2,\"name\":\"Impressum\"}]},{\"@type\":\"WebSite\",\"@id\":\"https:\\\/\\\/bdi-bioenergy.com\\\/#website\",\"url\":\"https:\\\/\\\/bdi-bioenergy.com\\\/\",\"name\":\"BDI Bioenergy\",\"description\":\"\",\"publisher\":{\"@id\":\"https:\\\/\\\/bdi-bioenergy.com\\\/#organization\"},\"potentialAction\":[{\"@type\":\"SearchAction\",\"target\":{\"@type\":\"EntryPoint\",\"urlTemplate\":\"https:\\\/\\\/bdi-bioenergy.com\\\/?s={search_term_string}\"},\"query-input\":{\"@type\":\"PropertyValueSpecification\",\"valueRequired\":true,\"valueName\":\"search_term_string\"}}],\"inLanguage\":\"de\"},{\"@type\":\"Organization\",\"@id\":\"https:\\\/\\\/bdi-bioenergy.com\\\/#organization\",\"name\":\"BDI Bioenergy\",\"url\":\"https:\\\/\\\/bdi-bioenergy.com\\\/\",\"logo\":{\"@type\":\"ImageObject\",\"inLanguage\":\"de\",\"@id\":\"https:\\\/\\\/bdi-bioenergy.com\\\/#\\\/schema\\\/logo\\\/image\\\/\",\"url\":\"https:\\\/\\\/bdi-bioenergy.com\\\/wp-content\\\/uploads\\\/2024\\\/02\\\/logo.svg\",\"contentUrl\":\"https:\\\/\\\/bdi-bioenergy.com\\\/wp-content\\\/uploads\\\/2024\\\/02\\\/logo.svg\",\"caption\":\"BDI Bioenergy\"},\"image\":{\"@id\":\"https:\\\/\\\/bdi-bioenergy.com\\\/#\\\/schema\\\/logo\\\/image\\\/\"}}]}<\/script>\n<!-- \/ Yoast SEO plugin. -->","yoast_head_json":{"title":"Impressum - BDI-BioEnergy International","robots":{"index":"index","follow":"follow","max-snippet":"max-snippet:-1","max-image-preview":"max-image-preview:large","max-video-preview":"max-video-preview:-1"},"canonical":"https:\/\/bdi-bioenergy.com\/imprint\/","og_locale":"de_DE","og_type":"article","og_title":"Impressum - BDI-BioEnergy International","og_url":"https:\/\/bdi-bioenergy.com\/imprint\/","og_site_name":"BDI-BioEnergy International","article_modified_time":"2024-12-03T07:46:06+00:00","twitter_card":"summary_large_image","schema":{"@context":"https:\/\/schema.org","@graph":[{"@type":"WebPage","@id":"https:\/\/bdi-bioenergy.com\/imprint\/","url":"https:\/\/bdi-bioenergy.com\/imprint\/","name":"Impressum - BDI-BioEnergy International","isPartOf":{"@id":"https:\/\/bdi-bioenergy.com\/#website"},"datePublished":"2024-02-16T12:32:07+00:00","dateModified":"2024-12-03T07:46:06+00:00","breadcrumb":{"@id":"https:\/\/bdi-bioenergy.com\/imprint\/#breadcrumb"},"inLanguage":"de","potentialAction":[{"@type":"ReadAction","target":["https:\/\/bdi-bioenergy.com\/imprint\/"]}]},{"@type":"BreadcrumbList","@id":"https:\/\/bdi-bioenergy.com\/imprint\/#breadcrumb","itemListElement":[{"@type":"ListItem","position":1,"name":"Startseite","item":"https:\/\/bdi-bioenergy.com\/de\/"},{"@type":"ListItem","position":2,"name":"Impressum"}]},{"@type":"WebSite","@id":"https:\/\/bdi-bioenergy.com\/#website","url":"https:\/\/bdi-bioenergy.com\/","name":"BDI Bioenergy","description":"","publisher":{"@id":"https:\/\/bdi-bioenergy.com\/#organization"},"potentialAction":[{"@type":"SearchAction","target":{"@type":"EntryPoint","urlTemplate":"https:\/\/bdi-bioenergy.com\/?s={search_term_string}"},"query-input":{"@type":"PropertyValueSpecification","valueRequired":true,"valueName":"search_term_string"}}],"inLanguage":"de"},{"@type":"Organization","@id":"https:\/\/bdi-bioenergy.com\/#organization","name":"BDI Bioenergy","url":"https:\/\/bdi-bioenergy.com\/","logo":{"@type":"ImageObject","inLanguage":"de","@id":"https:\/\/bdi-bioenergy.com\/#\/schema\/logo\/image\/","url":"https:\/\/bdi-bioenergy.com\/wp-content\/uploads\/2024\/02\/logo.svg","contentUrl":"https:\/\/bdi-bioenergy.com\/wp-content\/uploads\/2024\/02\/logo.svg","caption":"BDI Bioenergy"},"image":{"@id":"https:\/\/bdi-bioenergy.com\/#\/schema\/logo\/image\/"}}]}},"_links":{"self":[{"href":"https:\/\/bdi-bioenergy.com\/de\/wp-json\/wp\/v2\/pages\/359","targetHints":{"allow":["GET"]}}],"collection":[{"href":"https:\/\/bdi-bioenergy.com\/de\/wp-json\/wp\/v2\/pages"}],"about":[{"href":"https:\/\/bdi-bioenergy.com\/de\/wp-json\/wp\/v2\/types\/page"}],"author":[{"embeddable":true,"href":"https:\/\/bdi-bioenergy.com\/de\/wp-json\/wp\/v2\/users\/1"}],"replies":[{"embeddable":true,"href":"https:\/\/bdi-bioenergy.com\/de\/wp-json\/wp\/v2\/comments?post=359"}],"version-history":[{"count":4,"href":"https:\/\/bdi-bioenergy.com\/de\/wp-json\/wp\/v2\/pages\/359\/revisions"}],"predecessor-version":[{"id":2561,"href":"https:\/\/bdi-bioenergy.com\/de\/wp-json\/wp\/v2\/pages\/359\/revisions\/2561"}],"wp:attachment":[{"href":"https:\/\/bdi-bioenergy.com\/de\/wp-json\/wp\/v2\/media?parent=359"}],"curies":[{"name":"wp","href":"https:\/\/api.w.org\/{rel}","templated":true}]}}