{"id":33,"date":"2024-01-29T14:48:52","date_gmt":"2024-01-29T13:48:52","guid":{"rendered":"\/?page_id=33"},"modified":"2024-11-22T08:37:25","modified_gmt":"2024-11-22T07:37:25","slug":"karriere","status":"publish","type":"page","link":"https:\/\/bdi-bioenergy.com\/de\/karriere\/","title":{"rendered":"Karriere"},"content":{"rendered":"\r\n\t<div id=\"headerSmallImage-block_80f14638221211d52fd210373f249be9\" class=\"headerSmallImage \">\r\n\r\n\t\t\t\t\t\t\t<img decoding=\"async\" src=\"https:\/\/bdi-bioenergy.com\/wp-content\/uploads\/2024\/02\/Gruppe-maskieren-34-2.jpg\" alt=\"\">\r\n\t\t<div class=\"headerSmallImageOverlay\"><\/div>\r\n        \r\n<div class=\"headerSmallImageText\">\r\n        \t\t\t\t<h6>KARRIERE<\/h6>     \t\t\t\t<h2>Deine Zukunft bei BDI<\/h2>\r\n    <\/div>\r\n\t\t<\/div>\r\n\n\n\t<div id=\"textOnly-block_90618383d4142d8e31e653a1cbb2f27c\" class=\"textOnly grey \">\r\n        <h1>Weil es nicht egal ist, wo du deine Zeit verbringst! Wir bieten dir mehr als einen Job \u2013 wir bieten dir eine Lebenseinstellung.<\/h1>\r\n                    <p>Bei uns steht ein nachhaltiger Umgang mit Ressourcen im Fokus. Das gilt nicht nur f\u00fcr die Entwicklung umweltfreundlicher Technologien, sondern auch f\u00fcr die Entfaltung und das Potenzial jedes einzelnen Teammitglieds. Wenn du liebst, was du tust, und nach einem Ort suchst, an dem Teamgeist, individuelle Entwicklung und umweltbewusstes Handeln im Mittelpunkt stehen, bist du bei uns richtig. Willkommen in unserer Welt \u2013 einer Welt, in der deine Zeit nicht nur sinnvoll genutzt, sondern wertgesch\u00e4tzt wird.<\/p>\n    \r\n\t<\/div>\r\n\n\n    <div id=\"karriereBlock-block_2fee02a89c5e9540543cd080d72a4855\" class=\"karriereBlock\">\r\n\r\n        <div class=\"karriereImageContainer\">\r\n\t\t\t\t\t\t                <img decoding=\"async\" src=\"https:\/\/bdi-bioenergy.com\/wp-content\/uploads\/2024\/02\/BDI_LeHavre-161-von-46_bearbeitet.jpg\" alt=\"\">\r\n\t\t\t            <div class=\"karriereText\">\r\n\r\n                <p><span style=\"color: #54a020\">Offene Jobs<\/span><br \/>\nHast du Lust, mit uns gr\u00fcne Technologien zu entwickeln, Recycling-Prozesse zu designen und hochzuskalieren? Und au\u00dferdem zu sehen, wie industrielle BDI-Anlagen international zur Kreislaufwirtschaft beitragen? Dann sind wir dein \u201eperfect match\u201c.<\/p>\n\r\n            <\/div>\r\n        <\/div>\r\n            <div class=\"jobsContainer\">\r\n\t\t\t\t\t\t\t\t\t\t<p><\/p>                        <div class=\"jobItem\">\r\n                            <a href=\"https:\/\/bdi-bioenergy.com\/de\/job\/hr-generalistin-m-w-d\/\">\r\n                                <div class=\"gridTitle\">\r\n                                <h6>Initiativbewerbung<\/h6>\r\n                                <\/div>\r\n                                <div class=\"gridDescription\">\r\n\t\t\t\t\t\t\t\t<p>Unterst\u00fctzung der Personalleitung, Vertragswesen, Reporting&#8230;<\/p>                                <\/div>\r\n                                <div class=\"gridButton\">\r\n                                    <img decoding=\"async\" src=\"https:\/\/bdi-bioenergy.com\/wp-content\/themes\/bdi\/img\/arrowGreen.svg\">\r\n                                <\/div>\r\n\r\n                            <\/a>\r\n                        <\/div>\r\n\t\t\t\t\t            <\/div>\r\n\r\n        <\/div>\r\n\r\n\n\n    <div id=\"karriereGridIconBlock-block_3a0a3b01674c166aebce67ba1ce508db\" class=\"karriereGridIconBlock\">\r\n\t\t            <div class=\"karriereContainer\">\r\n\t\t\t\t<h2><strong><span style=\"color: #54a020;\">Unsere Werte<\/span><\/strong>\u00a0als Arbeitgeber<\/h2>\n<p><strong>Ehrlichkeit &amp; Transparenz<\/strong><br \/>\n<strong>Wertsch\u00e4tzung &amp; Respekt<\/strong><br \/>\n<strong>Vertrauen &amp; Zusammenhalt<\/strong><\/p>\n<p>Ehrlichkeit und Transparenz pr\u00e4gen unser Miteinander und schaffen eine respektvolle, offene Kommunikation. Jede:r leistet einen wertvollen Beitrag zum Erfolg der BDI und erf\u00e4hrt daf\u00fcr Wertsch\u00e4tzung und Anerkennung. Vertrauen und Zusammenhalt st\u00e4rken unser Team, und wir pflegen Kollegialit\u00e4t und einen partnerschaftlichen Umgang auf Augenh\u00f6he. Wir lassen niemanden h\u00e4ngen, \u00fcbernehmen Verantwortung und bauen aufeinander. In der BDI-Familie z\u00e4hlt jeder Beitrag gleich viel \u2013 wir spielen mit offenen Karten und gewinnen gemeinsam als starkes Team.<\/p>\n            <\/div>\r\n            <div class=\"karriereGridContainer\">\r\n\t\t\t\t                    <div class=\"gridContent\">\r\n\t\t\t\t\t\t                            <img decoding=\"async\" src=\"https:\/\/bdi-bioenergy.com\/wp-content\/uploads\/2024\/04\/soziales-umfeld.svg\" alt=\"\">\r\n                            <h5>Soziales Umfeld<\/h5>\r\n                            <p>Wir starten beim Montagsfr\u00fchst\u00fcck gemeinsam in die neue Woche, feiern gro\u00dfe und kleine Erfolge, nehmen an Sportevents teil und genie\u00dfen unsere Firmenevents.<\/p>\r\n\t\t\t\t\t\t                    <\/div>\r\n\t\t\t\t                    <div class=\"gridContent\">\r\n\t\t\t\t\t\t                            <img decoding=\"async\" src=\"https:\/\/bdi-bioenergy.com\/wp-content\/uploads\/2024\/02\/Gruppe-21934.svg\" alt=\"\">\r\n                            <h5>Flexibilit\u00e4t im Arbeitsalltag<\/h5>\r\n                            <p>Genie\u00dfe die Freiheit mit Gleitzeit ohne Kernzeiten und 30 Prozent Homeoffice. Trotzdem freuen wir uns auf pers\u00f6nliche Begegnungen im B\u00fcro.\r\n<\/p>\r\n\t\t\t\t\t\t                    <\/div>\r\n\t\t\t\t                    <div class=\"gridContent\">\r\n\t\t\t\t\t\t                            <img decoding=\"async\" src=\"https:\/\/bdi-bioenergy.com\/wp-content\/uploads\/2024\/02\/Pfad-282884.svg\" alt=\"\">\r\n                            <h5>Weiterbildung<\/h5>\r\n                            <p>Wir investieren in deine Entwicklung mit ma\u00dfgeschneiderten Weiterbildungsm\u00f6glichkeiten, damit du beruflich stets auf dem neuesten Stand bist.<\/p>\r\n\t\t\t\t\t\t                    <\/div>\r\n\t\t\t\t                    <div class=\"gridContent\">\r\n\t\t\t\t\t\t                            <img decoding=\"async\" src=\"https:\/\/bdi-bioenergy.com\/wp-content\/uploads\/2024\/02\/Pfad-282885.svg\" alt=\"\">\r\n                            <h5>Sport<\/h5>\r\n                            <p>Tu was f\u00fcr deine Fitness \u2013 vom hauseigenen Fitness-Studio \u00fcber die \u201esportliche Anreise\u201c, die als Zeitausgleich gutgeschrieben wird, bis zu entspannenden Angeboten wie Shiatsu und Massagen.<\/p>\r\n\t\t\t\t\t\t                    <\/div>\r\n\t\t\t\t                    <div class=\"gridContent\">\r\n\t\t\t\t\t\t                            <img decoding=\"async\" src=\"https:\/\/bdi-bioenergy.com\/wp-content\/uploads\/2024\/02\/Pfad-282887.svg\" alt=\"\">\r\n                            <h5>Individuelle Bed\u00fcrfnisse<\/h5>\r\n                            <p>Wir leben flache Hierarchien, und unsere T\u00fcren stehen immer offen \u2013 sprich mit uns, wenn du ein Anliegen hast, dann finden wir gemeinsam eine individuelle L\u00f6sung.<\/p>\r\n\t\t\t\t\t\t                    <\/div>\r\n\t\t\t\t                    <div class=\"gridContent\">\r\n\t\t\t\t\t\t                            <img decoding=\"async\" src=\"https:\/\/bdi-bioenergy.com\/wp-content\/uploads\/2024\/02\/Gruppe-21935.svg\" alt=\"\">\r\n                            <h5>Onboarding<\/h5>\r\n                            <p>Wir werfen dich zum Karrierestart nicht ins kalte Wasser \u2013 wir sorgen f\u00fcr ein strukturiertes Onboarding und unterst\u00fctzen deinen erfolgreichen Einstieg.<\/p>\r\n\t\t\t\t\t\t                    <\/div>\r\n\t\t\t\t            <\/div>\r\n\t\t    <\/div>\r\n\n\n\r\n\t<div id=\"karriereContact-block_49438e431faea7d348cb81e5c0b52351\" class=\"karriereContact\">\r\n\t\t<div class=\"karriereContactHover\">\r\n\t\t\t<div class=\"karriereAbsolute\">\r\n            <h3>Hast Du Fragen? Kontaktiere uns gerne.<\/h3>\r\n\t\t\t\t\t\t\t<a class=\"button\" href=\"mailto:jobs@bdi-bioenergy.com\" target=\"_self\">Kontakt<\/a>\r\n\t\t\t            <\/div>\r\n\t\t\t\t\t\t\t\t\t\t<img decoding=\"async\" src=\"https:\/\/bdi-bioenergy.com\/wp-content\/uploads\/2024\/02\/Gruppe-21914.svg\" alt=\"\">\r\n\t\t\t\r\n\t\t<\/div>\r\n\t\t\t\t\t\t\t<img decoding=\"async\" class=\"karrierecontactNormal\" src=\"https:\/\/bdi-bioenergy.com\/wp-content\/uploads\/2024\/02\/Gruppe-21914.svg\" alt=\"\">\r\n\t\t\r\n    <\/div>\r\n\t\t\t\n\n\t<div id=\"padding80-block_c382e3eb24152b3bc27d2e277b343c60\" class=\"padding80 \">\r\n\r\n\t<\/div>\r\n","protected":false},"excerpt":{"rendered":"","protected":false},"author":1,"featured_media":0,"parent":0,"menu_order":0,"comment_status":"closed","ping_status":"closed","template":"","meta":{"_acf_changed":false,"footnotes":""},"class_list":["post-33","page","type-page","status-publish","hentry"],"acf":[],"yoast_head":"<!-- This site is optimized with the Yoast SEO plugin v27.3 - https:\/\/yoast.com\/product\/yoast-seo-wordpress\/ -->\n<title>Karriere - BDI-BioEnergy International<\/title>\n<meta name=\"robots\" content=\"index, follow, max-snippet:-1, max-image-preview:large, max-video-preview:-1\" \/>\n<link rel=\"canonical\" href=\"https:\/\/bdi-bioenergy.com\/de\/karriere\/\" \/>\n<meta property=\"og:locale\" content=\"de_DE\" \/>\n<meta property=\"og:type\" content=\"article\" \/>\n<meta property=\"og:title\" content=\"Karriere - BDI-BioEnergy International\" \/>\n<meta property=\"og:url\" content=\"https:\/\/bdi-bioenergy.com\/de\/karriere\/\" \/>\n<meta property=\"og:site_name\" content=\"BDI-BioEnergy International\" \/>\n<meta property=\"article:modified_time\" content=\"2024-11-22T07:37:25+00:00\" \/>\n<meta name=\"twitter:card\" content=\"summary_large_image\" \/>\n<script type=\"application\/ld+json\" class=\"yoast-schema-graph\">{\"@context\":\"https:\\\/\\\/schema.org\",\"@graph\":[{\"@type\":\"WebPage\",\"@id\":\"https:\\\/\\\/bdi-bioenergy.com\\\/de\\\/karriere\\\/\",\"url\":\"https:\\\/\\\/bdi-bioenergy.com\\\/de\\\/karriere\\\/\",\"name\":\"Karriere - BDI-BioEnergy International\",\"isPartOf\":{\"@id\":\"https:\\\/\\\/bdi-bioenergy.com\\\/#website\"},\"datePublished\":\"2024-01-29T13:48:52+00:00\",\"dateModified\":\"2024-11-22T07:37:25+00:00\",\"breadcrumb\":{\"@id\":\"https:\\\/\\\/bdi-bioenergy.com\\\/de\\\/karriere\\\/#breadcrumb\"},\"inLanguage\":\"de\",\"potentialAction\":[{\"@type\":\"ReadAction\",\"target\":[\"https:\\\/\\\/bdi-bioenergy.com\\\/de\\\/karriere\\\/\"]}]},{\"@type\":\"BreadcrumbList\",\"@id\":\"https:\\\/\\\/bdi-bioenergy.com\\\/de\\\/karriere\\\/#breadcrumb\",\"itemListElement\":[{\"@type\":\"ListItem\",\"position\":1,\"name\":\"Startseite\",\"item\":\"https:\\\/\\\/bdi-bioenergy.com\\\/de\\\/\"},{\"@type\":\"ListItem\",\"position\":2,\"name\":\"Karriere\"}]},{\"@type\":\"WebSite\",\"@id\":\"https:\\\/\\\/bdi-bioenergy.com\\\/#website\",\"url\":\"https:\\\/\\\/bdi-bioenergy.com\\\/\",\"name\":\"BDI Bioenergy\",\"description\":\"\",\"publisher\":{\"@id\":\"https:\\\/\\\/bdi-bioenergy.com\\\/#organization\"},\"potentialAction\":[{\"@type\":\"SearchAction\",\"target\":{\"@type\":\"EntryPoint\",\"urlTemplate\":\"https:\\\/\\\/bdi-bioenergy.com\\\/?s={search_term_string}\"},\"query-input\":{\"@type\":\"PropertyValueSpecification\",\"valueRequired\":true,\"valueName\":\"search_term_string\"}}],\"inLanguage\":\"de\"},{\"@type\":\"Organization\",\"@id\":\"https:\\\/\\\/bdi-bioenergy.com\\\/#organization\",\"name\":\"BDI Bioenergy\",\"url\":\"https:\\\/\\\/bdi-bioenergy.com\\\/\",\"logo\":{\"@type\":\"ImageObject\",\"inLanguage\":\"de\",\"@id\":\"https:\\\/\\\/bdi-bioenergy.com\\\/#\\\/schema\\\/logo\\\/image\\\/\",\"url\":\"https:\\\/\\\/bdi-bioenergy.com\\\/wp-content\\\/uploads\\\/2024\\\/02\\\/logo.svg\",\"contentUrl\":\"https:\\\/\\\/bdi-bioenergy.com\\\/wp-content\\\/uploads\\\/2024\\\/02\\\/logo.svg\",\"caption\":\"BDI Bioenergy\"},\"image\":{\"@id\":\"https:\\\/\\\/bdi-bioenergy.com\\\/#\\\/schema\\\/logo\\\/image\\\/\"}}]}<\/script>\n<!-- \/ Yoast SEO plugin. -->","yoast_head_json":{"title":"Karriere - BDI-BioEnergy International","robots":{"index":"index","follow":"follow","max-snippet":"max-snippet:-1","max-image-preview":"max-image-preview:large","max-video-preview":"max-video-preview:-1"},"canonical":"https:\/\/bdi-bioenergy.com\/de\/karriere\/","og_locale":"de_DE","og_type":"article","og_title":"Karriere - BDI-BioEnergy International","og_url":"https:\/\/bdi-bioenergy.com\/de\/karriere\/","og_site_name":"BDI-BioEnergy International","article_modified_time":"2024-11-22T07:37:25+00:00","twitter_card":"summary_large_image","schema":{"@context":"https:\/\/schema.org","@graph":[{"@type":"WebPage","@id":"https:\/\/bdi-bioenergy.com\/de\/karriere\/","url":"https:\/\/bdi-bioenergy.com\/de\/karriere\/","name":"Karriere - BDI-BioEnergy International","isPartOf":{"@id":"https:\/\/bdi-bioenergy.com\/#website"},"datePublished":"2024-01-29T13:48:52+00:00","dateModified":"2024-11-22T07:37:25+00:00","breadcrumb":{"@id":"https:\/\/bdi-bioenergy.com\/de\/karriere\/#breadcrumb"},"inLanguage":"de","potentialAction":[{"@type":"ReadAction","target":["https:\/\/bdi-bioenergy.com\/de\/karriere\/"]}]},{"@type":"BreadcrumbList","@id":"https:\/\/bdi-bioenergy.com\/de\/karriere\/#breadcrumb","itemListElement":[{"@type":"ListItem","position":1,"name":"Startseite","item":"https:\/\/bdi-bioenergy.com\/de\/"},{"@type":"ListItem","position":2,"name":"Karriere"}]},{"@type":"WebSite","@id":"https:\/\/bdi-bioenergy.com\/#website","url":"https:\/\/bdi-bioenergy.com\/","name":"BDI Bioenergy","description":"","publisher":{"@id":"https:\/\/bdi-bioenergy.com\/#organization"},"potentialAction":[{"@type":"SearchAction","target":{"@type":"EntryPoint","urlTemplate":"https:\/\/bdi-bioenergy.com\/?s={search_term_string}"},"query-input":{"@type":"PropertyValueSpecification","valueRequired":true,"valueName":"search_term_string"}}],"inLanguage":"de"},{"@type":"Organization","@id":"https:\/\/bdi-bioenergy.com\/#organization","name":"BDI Bioenergy","url":"https:\/\/bdi-bioenergy.com\/","logo":{"@type":"ImageObject","inLanguage":"de","@id":"https:\/\/bdi-bioenergy.com\/#\/schema\/logo\/image\/","url":"https:\/\/bdi-bioenergy.com\/wp-content\/uploads\/2024\/02\/logo.svg","contentUrl":"https:\/\/bdi-bioenergy.com\/wp-content\/uploads\/2024\/02\/logo.svg","caption":"BDI Bioenergy"},"image":{"@id":"https:\/\/bdi-bioenergy.com\/#\/schema\/logo\/image\/"}}]}},"_links":{"self":[{"href":"https:\/\/bdi-bioenergy.com\/de\/wp-json\/wp\/v2\/pages\/33","targetHints":{"allow":["GET"]}}],"collection":[{"href":"https:\/\/bdi-bioenergy.com\/de\/wp-json\/wp\/v2\/pages"}],"about":[{"href":"https:\/\/bdi-bioenergy.com\/de\/wp-json\/wp\/v2\/types\/page"}],"author":[{"embeddable":true,"href":"https:\/\/bdi-bioenergy.com\/de\/wp-json\/wp\/v2\/users\/1"}],"replies":[{"embeddable":true,"href":"https:\/\/bdi-bioenergy.com\/de\/wp-json\/wp\/v2\/comments?post=33"}],"version-history":[{"count":3,"href":"https:\/\/bdi-bioenergy.com\/de\/wp-json\/wp\/v2\/pages\/33\/revisions"}],"predecessor-version":[{"id":2493,"href":"https:\/\/bdi-bioenergy.com\/de\/wp-json\/wp\/v2\/pages\/33\/revisions\/2493"}],"wp:attachment":[{"href":"https:\/\/bdi-bioenergy.com\/de\/wp-json\/wp\/v2\/media?parent=33"}],"curies":[{"name":"wp","href":"https:\/\/api.w.org\/{rel}","templated":true}]}}