{"id":154,"date":"2024-02-12T14:55:32","date_gmt":"2024-02-12T13:55:32","guid":{"rendered":"\/?page_id=154"},"modified":"2024-10-22T11:13:44","modified_gmt":"2024-10-22T09:13:44","slug":"smart-operations","status":"publish","type":"page","link":"https:\/\/bdi-bioenergy.com\/de\/smart-operations\/","title":{"rendered":"SMART OPERATIONS"},"content":{"rendered":"\r\n\t<div id=\"headerSmallImage-block_032b1286247fc434ff90b4d0ecc84339\" class=\"headerSmallImage \">\r\n\r\n\t\t\t\t\t\t\t<img decoding=\"async\" src=\"https:\/\/bdi-bioenergy.com\/wp-content\/uploads\/2024\/03\/BDI-Stockimage3_1920x520-e1713265819301.jpg\" alt=\"\">\r\n\t\t<div class=\"headerSmallImageOverlay\"><\/div>\r\n        \r\n<div class=\"headerSmallImageText\">\r\n        \t\t\t\t<h6>SERVICE<\/h6>     \t\t\t\t<h2>Smart Operations<\/h2>\r\n    <\/div>\r\n\t\t<\/div>\r\n\n\n\t<div id=\"textOnly-block_13b0bb59f2e62f5d27e934f1101dae03\" class=\"textOnly grey \">\r\n        <h1>Gesteigerte Effizienz<\/h1>\r\n                    <p>sowie optimierte Produktqualit\u00e4t und stabilisierte Produktion. Mit BDI Smart Operations, unserer datenbasierten Prozesssteuerung, bieten wir eine ideale L\u00f6sung zur Optimierung von chemischen Prozessanlagen.<\/p>\n    \r\n\t<\/div>\r\n\n\n\t<div id=\"gridIconBlock-block_a197d35f01e1cfdd30149468f5a1c0c7\" class=\"gridIconBlock \">\r\n\t\t<div class=\"gridIconBlockGrid\">\r\n        \t\t\t\t<img decoding=\"async\" src=\"https:\/\/bdi-bioenergy.com\/wp-content\/uploads\/2024\/02\/Gruppe-21837.svg\" alt=\"\">\r\n\t\t\r\n<h4>Senkung von Produktionskosten <\/h4>\r\n\t\t<p>durch Energie- und Betriebsmittelreduktion sowie durch weniger Operator-Eingriffe\r\n\r\n<\/div>\r\n    <div class=\"gridIconBlockGrid\">\r\n        \t\t\t\t<img decoding=\"async\" src=\"https:\/\/bdi-bioenergy.com\/wp-content\/uploads\/2024\/02\/Gruppe-21837.svg\" alt=\"\">\r\n\t\t\r\n<h4>Gesteigerte Anlageneffizienz<\/h4>\r\n\t\t<p>durch pr\u00e4diktive Regelung basierend auf mathematischen Modellen\r\n<\/div>\r\n    <div class=\"gridIconBlockGrid\">\r\n        \t\t\t\t<img decoding=\"async\" src=\"https:\/\/bdi-bioenergy.com\/wp-content\/uploads\/2024\/02\/Gruppe-21837.svg\" alt=\"\">\r\n\t\t\r\n<h4>Produktionsanstieg<\/h4>\r\n\t\t<p>dank stabiler Anlagenauslastung\r\nbei Maximalkapazit\u00e4t\r\n<\/div>\r\n    \t<\/div>\r\n\n\n\r\n    <div id=\"infoSlider-block_6c47387477432a83ec1d4504a294e9f0\"\r\n         class=\"infoSlider infoSliderGrid\">\r\n\r\n        <div class=\"infoSliderGrid\">\r\n\t\t\t<h3><span style=\"color: #129bdb\">BDI Smart Operations<\/span> nutzt eine automatisierte Betriebsdatenerfassung, um Analyseergebnisse mit dem Prozess-Leitsystem zu verkn\u00fcpfen und auszuwerten.<\/h3>\n            <div class=\"sliderButtons\">\r\n                <img decoding=\"async\" class=\"sliderButtonLeft\" src=\"https:\/\/bdi-bioenergy.com\/wp-content\/themes\/bdi\/img\/left.svg\"\r\n                     alt=\"arrow\">\r\n                <img decoding=\"async\" class=\"sliderButtonRight\" src=\"https:\/\/bdi-bioenergy.com\/wp-content\/themes\/bdi\/img\/right.svg\"\r\n                     alt=\"arrow\">\r\n            <\/div>\r\n        <\/div>\r\n        <div class=\" infoSlide\">\r\n\r\n            <div class=\"swiper-wrapper\">\r\n\r\n\t                                    <div class=\"swiper-slide\">\r\n                            <img decoding=\"async\" src=\"https:\/\/bdi-bioenergy.com\/wp-content\/uploads\/2024\/04\/Anwendungen_1000x500_SO6.jpg\" alt=\"slider img\" \/>\r\n\t                                                        <div class=\"infoSliderText\">\r\n                                    <h4>Simulationsbasierte Module zur Anlagen-Optimierung<\/h4>\r\n                                    <p>BDI Smart Operations verwendet eigene mathematische Modelle f\u00fcr verschiedene Prozessschritte unterschiedlicher Technologien, beispielsweise f\u00fcr Biodiesel-Anlagen die Veresterung, Umesterung, Destillation und Entmethanolisierung, um z.B. Dosierungen, Verweilzeiten oder Temperaturen auf ihre Richtigkeit hin zu \u00fcberpr\u00fcfen und f\u00fcr den Betrieb zu optimieren.<\/p>\r\n                                <\/div>\r\n\r\n\t                                                <\/div>\r\n\t\t\t                                    <div class=\"swiper-slide\">\r\n                            <img decoding=\"async\" src=\"https:\/\/bdi-bioenergy.com\/wp-content\/uploads\/2024\/04\/Anwendungen_1000x500_SO7.jpg\" alt=\"slider img\" \/>\r\n\t                                                        <div class=\"infoSliderText\">\r\n                                    <h4>KI-basierte Module zur Anlagen-Optimierung<\/h4>\r\n                                    <p>BDI Smart Operations setzt KI-basierte Optimierungsmodule ein, um Prozessparameter wie z.B. die S\u00e4uredosierung in der Veresterung oder den Betrieb von Zentrifugen pr\u00e4zise zu steuern und um Einsparungen von Betriebsmitteln und Energie effizient zu gestalten.<\/p>\r\n                                <\/div>\r\n\r\n\t                                                <\/div>\r\n\t\t\t                                    <div class=\"swiper-slide\">\r\n                            <img decoding=\"async\" src=\"https:\/\/bdi-bioenergy.com\/wp-content\/uploads\/2024\/04\/Anwendungen_1000x500_SO8.jpg\" alt=\"slider img\" \/>\r\n\t                                                        <div class=\"infoSliderText\">\r\n                                    <h4>Management-Tools zur Prozess\u00fcberwachung<\/h4>\r\n                                    <p>Das BDI Dash-Board stellt ein Management-Tool f\u00fcr eine effiziente und umfassende Anlagen\u00fcberwachung dar. Eine grafische Datenaufbereitung, die Analyseergebnisse und Prozessdaten mit einer erweiterten Trendanalyse verkn\u00fcpft, erm\u00f6glicht dem Management einen raschen und aussagekr\u00e4ftigen \u00dcberblick \u00fcber den Status der Produktionsanlage.<\/p>\r\n                                <\/div>\r\n\r\n\t                                                <\/div>\r\n\t\t\t                                    <\/div> <\/div>\r\n        <div class=\"sliderButtons\">\r\n            <img decoding=\"async\" class=\"sliderButtonLeftbottom\" src=\"https:\/\/bdi-bioenergy.com\/wp-content\/themes\/bdi\/img\/left.svg\"\r\n                 alt=\"arrow\">\r\n            <img decoding=\"async\" class=\"sliderButtonRightbottom\" src=\"https:\/\/bdi-bioenergy.com\/wp-content\/themes\/bdi\/img\/right.svg\"\r\n                 alt=\"arrow\">\r\n        <\/div>\r\n            <\/div>\r\n\r\n    <\/div>\r\n\n\n    <div id=\"technologieBlock-block_23b427030ec433e20e7b3e580c804964\" class=\"technologieBlock test technologieBlock\">\r\n        <h2>Service<\/h2>\r\n        <div class=\"technologieGrid\">\r\n\r\n            <div class=\"technologieGridItemLeft\">\r\n\t\t\t\t                <div class=\"technologieButtons\">\r\n\t\t\t\t\t\r\n\r\n\t\t\t\t\t\t                        <h6 class=\"technologieButton row-1  active\" value=\"1\">BDI Smart Operations<\/h6>\r\n\r\n\t\t\t\t\t\t<div class=\"image-container row-1 active\" value=\"1\"><img loading=\"lazy\" decoding=\"async\" width=\"635\" height=\"460\" src=\"https:\/\/bdi-bioenergy.com\/wp-content\/uploads\/2024\/04\/Bilder_635x4603.jpg\" class=\"attachment-large size-large\" alt=\"\" srcset=\"https:\/\/bdi-bioenergy.com\/wp-content\/uploads\/2024\/04\/Bilder_635x4603.jpg 635w, https:\/\/bdi-bioenergy.com\/wp-content\/uploads\/2024\/04\/Bilder_635x4603-300x217.jpg 300w\" sizes=\"auto, (max-width: 635px) 100vw, 635px\" \/><\/div>\t\t\t\t\t                <\/div>\r\n            <\/div>\r\n            <div class=\"technologieGridItemRight\">\r\n\t\t\t\t\t\t\t\t\t\r\n\r\n\t\t\t\t\t\t                        <div class=\"technologieRightContent row-1 active\" value=\"1\">\r\n                            <h6 data-row=\"row-1\">BDI Smart Operations<\/h6>\r\n                             <p>Modellpr\u00e4diktive Regler (MPC), basierend auf mathematischen Modellen der BDI, optimieren die chemischen Produktionsprozesse. Das Ergebnis? H\u00f6chste Effizienz, stabile und robuste Produktion. Unsere ma\u00dfgeschneiderten Regler \u00fcbermitteln alle Daten ans Leitsystem, minimieren Betreiberinterventionen und gew\u00e4hrleisten so den optimalen, sicheren Anlagenbetrieb. Mit gezielten Anpassungen von Prozessparametern erzielen Sie maximale Effizienzsteigerungen.<\/p>\n                        <\/div>\r\n\r\n\t\t\t\t\t\r\n            <\/div>\r\n\r\n        <\/div>\r\n\r\n    <\/div>\r\n\n\n    <div id=\"contactBlock-block_6cdf2a508e46eed888a5c974e13ca7a5\" class=\"contactBlock \">\r\n\r\n\t\r\n\t\t        <img decoding=\"async\" src=\"https:\/\/bdi-bioenergy.com\/wp-content\/uploads\/2024\/03\/Komponente-27-\u2013-5.jpg\" alt=\"\">\r\n\t    <div class=\"contactBoxOverlay\"><\/div>\r\n    <div class=\"contactBlockText\">\r\n\r\n        <h4 class=\"colorWhite\">\r\n\t        Haben Sie Fragen? <br \/>\r\nKontaktieren Sie uns gerne.        <\/h4>\r\n\r\n\t\t            <a class=\"button colorWhite borderWhite\" href=\"https:\/\/bdi-bioenergy.com\/de\/kontakt\/\"\r\n               target=\"_self\">Kontakt<\/a>\r\n\t\t    <\/div>\r\n\r\n\r\n\t\r\n\r\n    <\/div>\r\n\n\n\t<div id=\"textWithButton-block_4eb68cf2ca6451c7e4c3c040345808a5\" class=\"textWithButton\">\r\n\t\t\r\n\t        <h6>HOW WE WORK<\/h6>\r\n        <h2>Mehr als 70 Referenzprojekte weltweit belegen unsere Kompetenz im internationalen Anlagenbau. Mit der Gewinnung von gr\u00fcner Energie und dem Recycling von Abfallstr\u00f6men tragen unsere Anlagen ma\u00dfgeblich zur Kreislaufwirtschaft bei.\r\n<\/h2>\r\n\t\t            <div class=\"paddingTop26\"><\/div>\r\n            <a class=\"button\" href=\"https:\/\/bdi-bioenergy.com\/de\/referenzen\/\"\r\n               target=\"_self\">Referenzen<\/a>\r\n\t\t\t\r\n                <\/div>\r\n\r\n\n\n    <div id=\"imgLittleText-block_08b12f682ef5a0d19afa1c4b7e477968\" class=\"imgLittleText \">\r\n\r\n\t    \r\n\r\n\r\n\t\t    \t\t                    <img decoding=\"async\" src=\"https:\/\/bdi-bioenergy.com\/wp-content\/uploads\/2024\/02\/Gruppe-21948.jpg\" alt=\"engineers at work\">\r\n\t\t    \r\n\r\n            <div class=\"contrastOverlay\"><\/div>\r\n            <div class=\"overlayContainer\">\r\n                <img decoding=\"async\" value=\"develop\" class=\"imgBlockImage develop activeOverlay\"\r\n                     src=\"https:\/\/bdi-bioenergy.com\/wp-content\/themes\/bdi\/img\/develop.svg\">\r\n\r\n                <img decoding=\"async\" value=\"design\" class=\"imgBlockImage design\"\r\n                     src=\"https:\/\/bdi-bioenergy.com\/wp-content\/themes\/bdi\/img\/design.svg\">\r\n                <img decoding=\"async\" value=\"build\" class=\"imgBlockImage build\"\r\n                     src=\"https:\/\/bdi-bioenergy.com\/wp-content\/themes\/bdi\/img\/build.svg\">\r\n\r\n                <!-- Develop Text-->\r\n                <div value=\"develop\" class=\"imgBlockText enable\">\r\n                    <img decoding=\"async\" value=\"develop\" class=\"imgBlockImageMobile developMobile\" src=\"https:\/\/bdi-bioenergy.com\/wp-content\/themes\/bdi\/img\/developMobile.svg\">\r\n                    <h6>FORSCHUNG UND TECHNOLOGIEENTWICKLUNG <\/h6>\r\n                    <p>Wir erforschen und entwickeln innovative Technologien, um wertvolle Ressourcen zu schonen und die Kreislaufwirtschaft voranzutreiben.<\/p>\r\n                <\/div>\r\n\r\n                <!-- Design Text-->\r\n                <div value=\"design\" class=\"imgBlockText disabled\">\r\n                    <img decoding=\"async\" value=\"design\" class=\"imgBlockImageMobile designMobile\" src=\"https:\/\/bdi-bioenergy.com\/wp-content\/themes\/bdi\/img\/designMobile.svg\">\r\n                    <h6>PROZESSDESIGN UND SCALE-UP <\/h6>\r\n                    <p>Das Prozessdesign unserer Technologien l\u00e4sst sich individuell skalieren und an unterschiedliche Produktionsparameter anpassen.<\/p>\r\n\r\n                <\/div>\r\n\r\n                <!-- Build Text-->\r\n                <div value=\"build\" class=\"imgBlockText disabled\">\r\n                    <img decoding=\"async\" value=\"build\" class=\"imgBlockImageMobile buildMobile\" src=\"https:\/\/bdi-bioenergy.com\/wp-content\/themes\/bdi\/img\/buildMobile.svg\">\r\n                    <h6>ANLAGENBAU UND INBETRIEBNAHME <\/h6>\r\n                    <p>Vom Engineering und Anlagenbau bis zur Inbetriebnahme mit anschlie\u00dfendem Customer Service unterst\u00fctzen wir unsere Kunden entlang der gesamten Wertsch\u00f6pfungskette.<\/p>\r\n                <\/div>\r\n            <\/div>\r\n\r\n            <\/div>\r\n\r\n\t        <\/div>\r\n\n\n    <div id=\"news-block_f68b0b5bec8d2531b78478534285d176\" class=\"news \">\r\n\r\n        <h6>News<\/h6>\r\n        \r\n\r\n        <div class=\"newsGridContainer\">\r\n                                <div class=\"newsGridItem\">\r\n\r\n                        <p style=\"pointer-events: none\"><a href=\"https:\/\/bdi-bioenergy.com\/de\/category\/news\/presse\/\" rel=\"category tag\">Presse<\/a><\/p>\r\n                        <a href=\"https:\/\/bdi-bioenergy.com\/de\/news\/schluesseltechnologie-fuer-gruene-kraftstoffe-bdi-und-ghent-renewables-nehmen-neue-anlage-in-betrieb\/\">\r\n                                                            <img loading=\"lazy\" decoding=\"async\" width=\"8000\" height=\"6000\" src=\"https:\/\/bdi-bioenergy.com\/wp-content\/uploads\/2026\/05\/DJI_20260303172039_0007_V.jpg\" class=\"attachment-post-thumbnail size-post-thumbnail wp-post-image\" alt=\"\" srcset=\"https:\/\/bdi-bioenergy.com\/wp-content\/uploads\/2026\/05\/DJI_20260303172039_0007_V.jpg 8000w, https:\/\/bdi-bioenergy.com\/wp-content\/uploads\/2026\/05\/DJI_20260303172039_0007_V-300x225.jpg 300w, https:\/\/bdi-bioenergy.com\/wp-content\/uploads\/2026\/05\/DJI_20260303172039_0007_V-1200x900.jpg 1200w, https:\/\/bdi-bioenergy.com\/wp-content\/uploads\/2026\/05\/DJI_20260303172039_0007_V-1920x1440.jpg 1920w\" sizes=\"auto, (max-width: 8000px) 100vw, 8000px\" \/>                                                        <h6>Schl\u00fcsseltechnologie f\u00fcr gr\u00fcne Kraftstoffe: BDI und Ghent Renewables nehmen neue Anlage in Betrieb<\/h6>\r\n                        <\/a>\r\n                    <\/div>\r\n                                    <div class=\"newsGridItem\">\r\n\r\n                        <p style=\"pointer-events: none\"><a href=\"https:\/\/bdi-bioenergy.com\/de\/category\/news\/press-release-de\/\" rel=\"category tag\">Press Release<\/a><\/p>\r\n                        <a href=\"https:\/\/bdi-bioenergy.com\/de\/news\/prismore-capital-bdi-bioenergy-international-and-rieckermann-announce-strategic-investment-in-tire-pyrolysis-technology\/\">\r\n                                                            <img loading=\"lazy\" decoding=\"async\" width=\"5519\" height=\"3468\" src=\"https:\/\/bdi-bioenergy.com\/wp-content\/uploads\/2025\/05\/MG_4327.jpg\" class=\"attachment-post-thumbnail size-post-thumbnail wp-post-image\" alt=\"\" srcset=\"https:\/\/bdi-bioenergy.com\/wp-content\/uploads\/2025\/05\/MG_4327.jpg 5519w, https:\/\/bdi-bioenergy.com\/wp-content\/uploads\/2025\/05\/MG_4327-300x189.jpg 300w, https:\/\/bdi-bioenergy.com\/wp-content\/uploads\/2025\/05\/MG_4327-1200x754.jpg 1200w, https:\/\/bdi-bioenergy.com\/wp-content\/uploads\/2025\/05\/MG_4327-1920x1206.jpg 1920w\" sizes=\"auto, (max-width: 5519px) 100vw, 5519px\" \/>                                                        <h6>Prismore Capital, BDI-BioEnergy International GmbH und JR New Horizons erwerben gemeinsam die fortschrittliche Reifenpyrolysetechnologie von Grupo BB&amp;G<\/h6>\r\n                        <\/a>\r\n                    <\/div>\r\n                                    <div class=\"newsGridItem\">\r\n\r\n                        <p style=\"pointer-events: none\"><a href=\"https:\/\/bdi-bioenergy.com\/de\/category\/news\/presse\/\" rel=\"category tag\">Presse<\/a><\/p>\r\n                        <a href=\"https:\/\/bdi-bioenergy.com\/de\/news\/bdi-bioenergy-international-errichtet-eine-innovative-pretreatment-anlage-fuer-rohstoffe-fuer-biokraftstoffe\/\">\r\n                                                            <img loading=\"lazy\" decoding=\"async\" width=\"729\" height=\"485\" src=\"https:\/\/bdi-bioenergy.com\/wp-content\/uploads\/2025\/04\/Beitragsbild-Website-Ferro.jpg\" class=\"attachment-post-thumbnail size-post-thumbnail wp-post-image\" alt=\"\" srcset=\"https:\/\/bdi-bioenergy.com\/wp-content\/uploads\/2025\/04\/Beitragsbild-Website-Ferro.jpg 729w, https:\/\/bdi-bioenergy.com\/wp-content\/uploads\/2025\/04\/Beitragsbild-Website-Ferro-300x200.jpg 300w\" sizes=\"auto, (max-width: 729px) 100vw, 729px\" \/>                                                        <h6>BDI-BioEnergy International errichtet eine innovative PreTreatment Anlage f\u00fcr Rohstoffe f\u00fcr Biokraftstoffe<\/h6>\r\n                        <\/a>\r\n                    <\/div>\r\n                        <\/div>\r\n\r\n        <div class=\"newsButton\">\r\n                        <a class=\"button\" href=\"https:\/\/bdi-bioenergy.com\/de\/\/news\">Alle anzeigen<\/a>\r\n        <\/div>\r\n    <\/div>\r\n\n\n\r\n    <div id=\"newsLetterBlock-block_a294ca313cd0d40b0aaa7672acd76732\" class=\"newsLetterBlock\">\r\n        <div id=\"newsletter\" class=\"newsLetterGridContainer\">\r\n\t\r\n            <div class=\"gridItemLeft\">\r\n\t            <p>Verpassen Sie nichts mehr und abonnieren Sie unseren<span style=\"color: #ffffff;\"> Newsletter!<\/span><\/p>\n\r\n            <\/div>\r\n            <div class=\"newsLettergridItemRight\">\r\n\t\t\t\t<script>(function() {\n\twindow.mc4wp = window.mc4wp || {\n\t\tlisteners: [],\n\t\tforms: {\n\t\t\ton: function(evt, cb) {\n\t\t\t\twindow.mc4wp.listeners.push(\n\t\t\t\t\t{\n\t\t\t\t\t\tevent   : evt,\n\t\t\t\t\t\tcallback: cb\n\t\t\t\t\t}\n\t\t\t\t);\n\t\t\t}\n\t\t}\n\t}\n})();\n<\/script><!-- Mailchimp for WordPress v4.12.3 - https:\/\/wordpress.org\/plugins\/mailchimp-for-wp\/ --><form id=\"mc4wp-form-1\" class=\"mc4wp-form mc4wp-form-344\" method=\"post\" data-id=\"344\" data-name=\"Newsletter\" ><div class=\"mc4wp-form-fields\"><div class=\"newsLetter\">\r\n\t\r\n<input class=\"emailInput\" type=\"email\" name=\"EMAIL\" placeholder=\"Ihre E-Mail Adresse\" required \/>\r\n\r\n\r\n<p>\r\n\t<input class=\"newsletterSubmit\" type=\"submit\" value=\"anmelden\" \/>\r\n<\/p>\r\n<\/div><\/div><label style=\"display: none !important;\">Wenn du ein Mensch bist, lasse das Feld leer: <input type=\"text\" name=\"_mc4wp_honeypot\" value=\"\" tabindex=\"-1\" autocomplete=\"off\" \/><\/label><input type=\"hidden\" name=\"_mc4wp_timestamp\" value=\"1779021045\" \/><input type=\"hidden\" name=\"_mc4wp_form_id\" value=\"344\" \/><input type=\"hidden\" name=\"_mc4wp_form_element_id\" value=\"mc4wp-form-1\" \/><div class=\"mc4wp-response\"><\/div><\/form><!-- \/ Mailchimp for WordPress Plugin -->                <div class=\"termsOfService\">\r\n\t                <p>Mit der Anmeldung erkl\u00e4re ich mich mit den <a href=\"http:\/\/bdi-bioenergy.com.w01f9af2.kasserver.com\/newSite\/impressum\/\" target=\"_blank\" rel=\"noopener\">Nutzungsbedingungen<\/a> und der <a href=\"http:\/\/bdi-bioenergy.com.w01f9af2.kasserver.com\/newSite\/datenschutz\/\" target=\"_blank\" rel=\"noopener\">Datenschutzrichtlinie<\/a> einverstanden.<\/p>\n                <\/div>\r\n            <\/div>\r\n\t        <\/div>\r\n\r\n    <\/div>\r\n","protected":false},"excerpt":{"rendered":"","protected":false},"author":1,"featured_media":0,"parent":0,"menu_order":0,"comment_status":"closed","ping_status":"closed","template":"","meta":{"_acf_changed":false,"footnotes":""},"class_list":["post-154","page","type-page","status-publish","hentry"],"acf":[],"yoast_head":"<!-- This site is optimized with the Yoast SEO plugin v27.5 - https:\/\/yoast.com\/product\/yoast-seo-wordpress\/ -->\n<title>SMART OPERATIONS - BDI-BioEnergy International<\/title>\n<meta name=\"robots\" content=\"index, follow, max-snippet:-1, max-image-preview:large, max-video-preview:-1\" \/>\n<link rel=\"canonical\" href=\"https:\/\/bdi-bioenergy.com\/de\/smart-operations\/\" \/>\n<meta property=\"og:locale\" content=\"de_DE\" \/>\n<meta property=\"og:type\" content=\"article\" \/>\n<meta property=\"og:title\" content=\"SMART OPERATIONS - BDI-BioEnergy International\" \/>\n<meta property=\"og:url\" content=\"https:\/\/bdi-bioenergy.com\/de\/smart-operations\/\" \/>\n<meta property=\"og:site_name\" content=\"BDI-BioEnergy International\" \/>\n<meta property=\"article:modified_time\" content=\"2024-10-22T09:13:44+00:00\" \/>\n<meta name=\"twitter:card\" content=\"summary_large_image\" \/>\n<script type=\"application\/ld+json\" class=\"yoast-schema-graph\">{\"@context\":\"https:\\\/\\\/schema.org\",\"@graph\":[{\"@type\":\"WebPage\",\"@id\":\"https:\\\/\\\/bdi-bioenergy.com\\\/de\\\/smart-operations\\\/\",\"url\":\"https:\\\/\\\/bdi-bioenergy.com\\\/de\\\/smart-operations\\\/\",\"name\":\"SMART OPERATIONS - BDI-BioEnergy International\",\"isPartOf\":{\"@id\":\"https:\\\/\\\/bdi-bioenergy.com\\\/#website\"},\"datePublished\":\"2024-02-12T13:55:32+00:00\",\"dateModified\":\"2024-10-22T09:13:44+00:00\",\"breadcrumb\":{\"@id\":\"https:\\\/\\\/bdi-bioenergy.com\\\/de\\\/smart-operations\\\/#breadcrumb\"},\"inLanguage\":\"de\",\"potentialAction\":[{\"@type\":\"ReadAction\",\"target\":[\"https:\\\/\\\/bdi-bioenergy.com\\\/de\\\/smart-operations\\\/\"]}]},{\"@type\":\"BreadcrumbList\",\"@id\":\"https:\\\/\\\/bdi-bioenergy.com\\\/de\\\/smart-operations\\\/#breadcrumb\",\"itemListElement\":[{\"@type\":\"ListItem\",\"position\":1,\"name\":\"Startseite\",\"item\":\"https:\\\/\\\/bdi-bioenergy.com\\\/de\\\/\"},{\"@type\":\"ListItem\",\"position\":2,\"name\":\"SMART OPERATIONS\"}]},{\"@type\":\"WebSite\",\"@id\":\"https:\\\/\\\/bdi-bioenergy.com\\\/#website\",\"url\":\"https:\\\/\\\/bdi-bioenergy.com\\\/\",\"name\":\"BDI Bioenergy\",\"description\":\"\",\"publisher\":{\"@id\":\"https:\\\/\\\/bdi-bioenergy.com\\\/#organization\"},\"potentialAction\":[{\"@type\":\"SearchAction\",\"target\":{\"@type\":\"EntryPoint\",\"urlTemplate\":\"https:\\\/\\\/bdi-bioenergy.com\\\/?s={search_term_string}\"},\"query-input\":{\"@type\":\"PropertyValueSpecification\",\"valueRequired\":true,\"valueName\":\"search_term_string\"}}],\"inLanguage\":\"de\"},{\"@type\":\"Organization\",\"@id\":\"https:\\\/\\\/bdi-bioenergy.com\\\/#organization\",\"name\":\"BDI Bioenergy\",\"url\":\"https:\\\/\\\/bdi-bioenergy.com\\\/\",\"logo\":{\"@type\":\"ImageObject\",\"inLanguage\":\"de\",\"@id\":\"https:\\\/\\\/bdi-bioenergy.com\\\/#\\\/schema\\\/logo\\\/image\\\/\",\"url\":\"https:\\\/\\\/bdi-bioenergy.com\\\/wp-content\\\/uploads\\\/2024\\\/02\\\/logo.svg\",\"contentUrl\":\"https:\\\/\\\/bdi-bioenergy.com\\\/wp-content\\\/uploads\\\/2024\\\/02\\\/logo.svg\",\"caption\":\"BDI Bioenergy\"},\"image\":{\"@id\":\"https:\\\/\\\/bdi-bioenergy.com\\\/#\\\/schema\\\/logo\\\/image\\\/\"}}]}<\/script>\n<!-- \/ Yoast SEO plugin. -->","yoast_head_json":{"title":"SMART OPERATIONS - BDI-BioEnergy International","robots":{"index":"index","follow":"follow","max-snippet":"max-snippet:-1","max-image-preview":"max-image-preview:large","max-video-preview":"max-video-preview:-1"},"canonical":"https:\/\/bdi-bioenergy.com\/de\/smart-operations\/","og_locale":"de_DE","og_type":"article","og_title":"SMART OPERATIONS - BDI-BioEnergy International","og_url":"https:\/\/bdi-bioenergy.com\/de\/smart-operations\/","og_site_name":"BDI-BioEnergy International","article_modified_time":"2024-10-22T09:13:44+00:00","twitter_card":"summary_large_image","schema":{"@context":"https:\/\/schema.org","@graph":[{"@type":"WebPage","@id":"https:\/\/bdi-bioenergy.com\/de\/smart-operations\/","url":"https:\/\/bdi-bioenergy.com\/de\/smart-operations\/","name":"SMART OPERATIONS - BDI-BioEnergy International","isPartOf":{"@id":"https:\/\/bdi-bioenergy.com\/#website"},"datePublished":"2024-02-12T13:55:32+00:00","dateModified":"2024-10-22T09:13:44+00:00","breadcrumb":{"@id":"https:\/\/bdi-bioenergy.com\/de\/smart-operations\/#breadcrumb"},"inLanguage":"de","potentialAction":[{"@type":"ReadAction","target":["https:\/\/bdi-bioenergy.com\/de\/smart-operations\/"]}]},{"@type":"BreadcrumbList","@id":"https:\/\/bdi-bioenergy.com\/de\/smart-operations\/#breadcrumb","itemListElement":[{"@type":"ListItem","position":1,"name":"Startseite","item":"https:\/\/bdi-bioenergy.com\/de\/"},{"@type":"ListItem","position":2,"name":"SMART OPERATIONS"}]},{"@type":"WebSite","@id":"https:\/\/bdi-bioenergy.com\/#website","url":"https:\/\/bdi-bioenergy.com\/","name":"BDI Bioenergy","description":"","publisher":{"@id":"https:\/\/bdi-bioenergy.com\/#organization"},"potentialAction":[{"@type":"SearchAction","target":{"@type":"EntryPoint","urlTemplate":"https:\/\/bdi-bioenergy.com\/?s={search_term_string}"},"query-input":{"@type":"PropertyValueSpecification","valueRequired":true,"valueName":"search_term_string"}}],"inLanguage":"de"},{"@type":"Organization","@id":"https:\/\/bdi-bioenergy.com\/#organization","name":"BDI Bioenergy","url":"https:\/\/bdi-bioenergy.com\/","logo":{"@type":"ImageObject","inLanguage":"de","@id":"https:\/\/bdi-bioenergy.com\/#\/schema\/logo\/image\/","url":"https:\/\/bdi-bioenergy.com\/wp-content\/uploads\/2024\/02\/logo.svg","contentUrl":"https:\/\/bdi-bioenergy.com\/wp-content\/uploads\/2024\/02\/logo.svg","caption":"BDI Bioenergy"},"image":{"@id":"https:\/\/bdi-bioenergy.com\/#\/schema\/logo\/image\/"}}]}},"_links":{"self":[{"href":"https:\/\/bdi-bioenergy.com\/de\/wp-json\/wp\/v2\/pages\/154","targetHints":{"allow":["GET"]}}],"collection":[{"href":"https:\/\/bdi-bioenergy.com\/de\/wp-json\/wp\/v2\/pages"}],"about":[{"href":"https:\/\/bdi-bioenergy.com\/de\/wp-json\/wp\/v2\/types\/page"}],"author":[{"embeddable":true,"href":"https:\/\/bdi-bioenergy.com\/de\/wp-json\/wp\/v2\/users\/1"}],"replies":[{"embeddable":true,"href":"https:\/\/bdi-bioenergy.com\/de\/wp-json\/wp\/v2\/comments?post=154"}],"version-history":[{"count":5,"href":"https:\/\/bdi-bioenergy.com\/de\/wp-json\/wp\/v2\/pages\/154\/revisions"}],"predecessor-version":[{"id":2354,"href":"https:\/\/bdi-bioenergy.com\/de\/wp-json\/wp\/v2\/pages\/154\/revisions\/2354"}],"wp:attachment":[{"href":"https:\/\/bdi-bioenergy.com\/de\/wp-json\/wp\/v2\/media?parent=154"}],"curies":[{"name":"wp","href":"https:\/\/api.w.org\/{rel}","templated":true}]}}