{"id":140,"date":"2024-02-12T14:34:33","date_gmt":"2024-02-12T13:34:33","guid":{"rendered":"\/?page_id=140"},"modified":"2024-10-22T11:24:49","modified_gmt":"2024-10-22T09:24:49","slug":"biogas","status":"publish","type":"page","link":"https:\/\/bdi-bioenergy.com\/de\/biogas\/","title":{"rendered":"BIOGAS"},"content":{"rendered":"\r\n\t<div id=\"headerSmallImage-block_85a7e122060754b6b9a05dbb1e0803ea\" class=\"headerSmallImage \">\r\n\r\n\t\t\t\t\t\t\t<img decoding=\"async\" src=\"https:\/\/bdi-bioenergy.com\/wp-content\/uploads\/2024\/03\/BDI-Biogas-plant-Goess_1920x5202-e1713265950267.jpg\" alt=\"\">\r\n\t\t<div class=\"headerSmallImageOverlay\"><\/div>\r\n        \r\n<div class=\"headerSmallImageText\">\r\n        \t\t\t\t<h6>TECHNOLOGIE<\/h6>     \t\t\t\t<h2>Biogas<\/h2>\r\n    <\/div>\r\n\t\t<\/div>\r\n\n\n\t<div id=\"textOnly-block_eb23273e19241614aa282c78988a4b7d\" class=\"textOnly grey \">\r\n        <h1>Als spezialisierter Anlagenbauer <\/h1>\r\n                    <p>setzt BDI mit seiner Biogas-Technologie neue Standards bei der Veredelung von Rest- und Abfallstoffen. Unsere Biogas-Anlagen k\u00f6nnen je nach Auslegung eine Vielzahl von organischen Reststoffen als Substrat verwerten, von Trebern und Hefe aus Brauereien bis hin zu organischen Abf\u00e4llen aus der Lebensmittel- oder Biotreibstoffindustrie.<\/p>\n    \r\n\t<\/div>\r\n\n\n\t<div id=\"gridIconBlock-block_331edd5ffa886f798e63f1df1c15c400\" class=\"gridIconBlock \">\r\n\t\t<div class=\"gridIconBlockGrid\">\r\n        \t\t\t\t<img decoding=\"async\" src=\"https:\/\/bdi-bioenergy.com\/wp-content\/uploads\/2024\/02\/Gruppe-21837.svg\" alt=\"\">\r\n\t\t\r\n<h4>Build-Operate-Transfer-Modell <\/h4>\r\n\t\t<p>Energie f\u00fcr Kunden, rentabel f\u00fcr Investoren, gut f\u00fcr die Umwelt<\/div>\r\n    <div class=\"gridIconBlockGrid\">\r\n        \t\t\t\t<img decoding=\"async\" src=\"https:\/\/bdi-bioenergy.com\/wp-content\/uploads\/2024\/02\/Gruppe-21837.svg\" alt=\"\">\r\n\t\t\r\n<h4>Individuelles Prozessdesign<\/h4>\r\n\t\t<p>optimiert nach verf\u00fcgbaren organischen Reststoffen\r\n<\/div>\r\n    <div class=\"gridIconBlockGrid\">\r\n        \t\t\t\t<img decoding=\"async\" src=\"https:\/\/bdi-bioenergy.com\/wp-content\/uploads\/2024\/02\/Gruppe-21837.svg\" alt=\"\">\r\n\t\t\r\n<h4>Energieunabh\u00e4ngigkeit und CO2-Zertifikate<\/h4>\r\n\t\t<p>Lokale Produktion von Biogas aus eigenen Nebenstr\u00f6men oder Abf\u00e4llen<\/div>\r\n    \t<\/div>\r\n\n\n\r\n\t<div id=\"iframe3D-block_130bb827f2d2a4bb545dc3cf3ebc9c15\" class=\"iframe3D\">\r\n         <div class=\"brlbs-cmpnt-container brlbs-cmpnt-content-blocker brlbs-cmpnt-with-individual-styles\" data-borlabs-cookie-content-blocker-id=\"default\" data-borlabs-cookie-content=\"PGlmcmFtZSAgc3JjPSJodHRwczovL215Lm1wc2tpbi5jb20vZW4vdG91ci9oYmcxMWJybXltIiBmcmFtZWJvcmRlcj0iMCIgYWxsb3dmdWxsc2NyZWVuIGFsbG93PSJ4ci1zcGF0aWFsLXRyYWNraW5nIj48L2lmcmFtZT4=\"><div class=\"brlbs-cmpnt-cb-preset-a\"> <p class=\"brlbs-cmpnt-cb-description\">Sie sehen gerade einen Platzhalterinhalt von <strong>Standard<\/strong>. Um auf den eigentlichen Inhalt zuzugreifen, klicken Sie auf den Button unten. Bitte beachten Sie, dass dabei Daten an Drittanbieter weitergegeben werden.<\/p> <div class=\"brlbs-cmpnt-cb-buttons\"> <a class=\"brlbs-cmpnt-cb-btn\" href=\"#\" data-borlabs-cookie-unblock role=\"button\">Inhalt entsperren<\/a> <a class=\"brlbs-cmpnt-cb-btn\" href=\"#\" data-borlabs-cookie-accept-service role=\"button\" style=\"display: none\">Erforderlichen Service akzeptieren und Inhalte entsperren<\/a> <\/div> <a class=\"brlbs-cmpnt-cb-provider-toggle\" href=\"#\" data-borlabs-cookie-show-provider-information role=\"button\">Weitere Informationen<\/a> <\/div><\/div>\r\n\r\n\t<\/div>\r\n\r\n\r\n\r\n\n\n\r\n    <div id=\"infoSlider-block_94253b9aeec8dc1c4498689db3770fd2\"\r\n         class=\"infoSlider infoSliderGrid\">\r\n\r\n        <div class=\"infoSliderGrid\">\r\n\t\t\t<h3><span style=\"color: #129bdb\">BDI Biogas-Technologien<\/span> zur Aufwertung von Abfallstr\u00f6men und zur nachhaltigen Gewinnung von Energie<\/h3>\n            <div class=\"sliderButtons\">\r\n                <img decoding=\"async\" class=\"sliderButtonLeft\" src=\"https:\/\/bdi-bioenergy.com\/wp-content\/themes\/bdi\/img\/left.svg\"\r\n                     alt=\"arrow\">\r\n                <img decoding=\"async\" class=\"sliderButtonRight\" src=\"https:\/\/bdi-bioenergy.com\/wp-content\/themes\/bdi\/img\/right.svg\"\r\n                     alt=\"arrow\">\r\n            <\/div>\r\n        <\/div>\r\n        <div class=\" infoSlide\">\r\n\r\n            <div class=\"swiper-wrapper\">\r\n\r\n\t                                    <div class=\"swiper-slide\">\r\n                            <img decoding=\"async\" src=\"https:\/\/bdi-bioenergy.com\/wp-content\/uploads\/2024\/04\/Anwendungen_1000x500_Biogas.jpg\" alt=\"slider img\" \/>\r\n\t                                                        <div class=\"infoSliderText\">\r\n                                    <h4>BIERTREBERN<\/h4>\r\n                                    <p>J\u00e4hrlich werden weltweit etwa zwei Milliarden Hektoliter Bier produziert. Die Hauptnebenprodukte des Brauprozesses, Biertreber und Hefe, belaufen sich auf 20 kg pro Hektoliter Bier. Durch die anaerobe Verg\u00e4rung dieser Brauereir\u00fcckst\u00e4nde k\u00f6nnen bis zu 100 Prozent des W\u00e4rme-, Energie- oder Strombedarfs einer Brauerei gedeckt werden. Dabei wird die sonst durch fossile Brennstoffe erzeugte Energie auf effiziente und nachhaltige Weise ersetzt, wodurch Brauereien auf ihrem Weg zur Energieunabh\u00e4ngigkeit und Zero CO2-Emissionen unterst\u00fctzt werden.<\/p>\r\n                                <\/div>\r\n\r\n\t                                                <\/div>\r\n\t\t\t                                    <div class=\"swiper-slide\">\r\n                            <img decoding=\"async\" src=\"https:\/\/bdi-bioenergy.com\/wp-content\/uploads\/2024\/04\/Anwendungen_1000x500_Biogas2.jpg\" alt=\"slider img\" \/>\r\n\t                                                        <div class=\"infoSliderText\">\r\n                                    <h4>Lebensmittelproduktion<\/h4>\r\n                                    <p>In der EU werden j\u00e4hrlich etwa 100 Millionen Tonnen Lebensmittel verschwendet, was etwa 200 Kilogramm pro Person entspricht. Diese betr\u00e4chtliche Menge an Abfall k\u00f6nnte sinnvoll genutzt werden, indem der Kohlenstoff- und Wasserstoffgehalt zur Biogaserzeugung verwendet wird. Dadurch k\u00f6nnte ein erheblicher Anteil des Energiebedarfs von Lebensmittelverarbeitungsbetrieben oder der Lkw-Flotte von Abfallsammelunternehmen gedeckt werden.<\/p>\r\n                                <\/div>\r\n\r\n\t                                                <\/div>\r\n\t\t\t                                    <div class=\"swiper-slide\">\r\n                            <img decoding=\"async\" src=\"https:\/\/bdi-bioenergy.com\/wp-content\/uploads\/2024\/04\/Anwendungen_1000x500_Biogas3.jpg\" alt=\"slider img\" \/>\r\n\t                                                        <div class=\"infoSliderText\">\r\n                                    <h4>Gefl\u00fcgelindustrie<\/h4>\r\n                                    <p>Ein Huhn produziert t\u00e4glich etwa 200 Gramm G\u00fclle. Auf einer typischen H\u00fchnerfarm summiert sich der Mist zu Tausenden von Tonnen pro Jahr. Au\u00dferdem erzeugen Schlachth\u00f6fe gro\u00dfe Mengen Abf\u00e4lle, Waschwasser und Schwemmfett. All diese Ressourcen k\u00f6nnen optimal als Energiequelle dienen und sind ideal f\u00fcr den Einsatz in einer BDI Biogas-Anlage. Das gewonnene Biogas kann vor Ort genutzt oder nach einer Aufreinigung gewinnbringend in das Gasnetz eingespeist werden.<\/p>\r\n                                <\/div>\r\n\r\n\t                                                <\/div>\r\n\t\t\t                                    <\/div> <\/div>\r\n        <div class=\"sliderButtons\">\r\n            <img decoding=\"async\" class=\"sliderButtonLeftbottom\" src=\"https:\/\/bdi-bioenergy.com\/wp-content\/themes\/bdi\/img\/left.svg\"\r\n                 alt=\"arrow\">\r\n            <img decoding=\"async\" class=\"sliderButtonRightbottom\" src=\"https:\/\/bdi-bioenergy.com\/wp-content\/themes\/bdi\/img\/right.svg\"\r\n                 alt=\"arrow\">\r\n        <\/div>\r\n            <\/div>\r\n\r\n    <\/div>\r\n\n\n    <div id=\"technologieBlock-block_ca9cb386483427fe0ef2f1f45e986fa3\" class=\"technologieBlock test technologieBlock\">\r\n        <h2>Technologie<\/h2>\r\n        <div class=\"technologieGrid\">\r\n\r\n            <div class=\"technologieGridItemLeft\">\r\n\t\t\t\t                <div class=\"technologieButtons\">\r\n\t\t\t\t\t\r\n\r\n\t\t\t\t\t\t                        <h6 class=\"technologieButton row-1  active\" value=\"1\">BIOGAS<\/h6>\r\n\r\n\t\t\t\t\t\t<div class=\"image-container row-1 active\" value=\"1\"><img loading=\"lazy\" decoding=\"async\" width=\"635\" height=\"460\" src=\"https:\/\/bdi-bioenergy.com\/wp-content\/uploads\/2024\/04\/Bilder_635x4602.jpg\" class=\"attachment-large size-large\" alt=\"\" srcset=\"https:\/\/bdi-bioenergy.com\/wp-content\/uploads\/2024\/04\/Bilder_635x4602.jpg 635w, https:\/\/bdi-bioenergy.com\/wp-content\/uploads\/2024\/04\/Bilder_635x4602-300x217.jpg 300w\" sizes=\"auto, (max-width: 635px) 100vw, 635px\" \/><\/div>\t\t\t\t\t                <\/div>\r\n            <\/div>\r\n            <div class=\"technologieGridItemRight\">\r\n\t\t\t\t\t\t\t\t\t\r\n\r\n\t\t\t\t\t\t                        <div class=\"technologieRightContent row-1 active\" value=\"1\">\r\n                            <h6 data-row=\"row-1\">BIOGAS<\/h6>\r\n                             <p>Die BDI Biogas-Technologie zeichnet sich durch einen auf den Abfallstoff optimal ausgelegten Biogasprozess aus. In einem ein- oder mehrstufigen Verg\u00e4rungsprozess werden ideale Bedingungen f\u00fcr die anaerobe Verg\u00e4rung gew\u00e4hrleistet, um eine maximale Biogasausbeute mit h\u00f6chster Qualit\u00e4t zu erzielen. Das Anlagenkonzept ist kompakt in der Bauweise und kann eine Vielzahl von organischen R\u00fcckst\u00e4nden als Substrat einsetzen. Zus\u00e4tzlich kann der verbleibende G\u00e4rrest aus der Biogasproduktion von Biertreber als zertifizierter D\u00fcnger f\u00fcr die Landwirtschaft verkauft werden.<\/p>\n                        <\/div>\r\n\r\n\t\t\t\t\t\r\n            <\/div>\r\n\r\n        <\/div>\r\n\r\n    <\/div>\r\n\n\n    <div id=\"contactBlock-block_f6ea7657fa737a9d18720389d217c620\" class=\"contactBlock \">\r\n\r\n\t\r\n\t\t        <img decoding=\"async\" src=\"https:\/\/bdi-bioenergy.com\/wp-content\/uploads\/2024\/03\/Komponente-27-\u2013-5.jpg\" alt=\"\">\r\n\t    <div class=\"contactBoxOverlay\"><\/div>\r\n    <div class=\"contactBlockText\">\r\n\r\n        <h4 class=\"colorWhite\">\r\n\t        Haben Sie Fragen? <br \/>\r\nKontaktieren Sie uns gerne.        <\/h4>\r\n\r\n\t\t            <a class=\"button colorWhite borderWhite\" href=\"https:\/\/bdi-bioenergy.com\/de\/kontakt\/\"\r\n               target=\"_self\">Kontakt<\/a>\r\n\t\t    <\/div>\r\n\r\n\r\n\t\r\n\r\n    <\/div>\r\n\n\n\t<div id=\"textWithButton-block_bef41064f9fe06b76f32d1149c75c337\" class=\"textWithButton\">\r\n\t\t\r\n\t        <h6>HOW WE WORK<\/h6>\r\n        <h2>Mehr als 70 Referenzprojekte weltweit belegen unsere Kompetenz im internationalen Anlagenbau. Mit der Gewinnung von gr\u00fcner Energie und dem Recycling von Abfallstr\u00f6men tragen unsere Anlagen ma\u00dfgeblich zur Kreislaufwirtschaft bei.\r\n<\/h2>\r\n\t\t            <div class=\"paddingTop26\"><\/div>\r\n            <a class=\"button\" href=\"https:\/\/bdi-bioenergy.com\/de\/referenzen\/\"\r\n               target=\"_self\">Referenzen<\/a>\r\n\t\t\t\r\n                <\/div>\r\n\r\n\n\n    <div id=\"imgLittleText-block_a55bb323d5f5cef1cbea66bd86d11b49\" class=\"imgLittleText \">\r\n\r\n\t    \r\n\r\n\r\n\t\t    \t\t                    <img decoding=\"async\" src=\"https:\/\/bdi-bioenergy.com\/wp-content\/uploads\/2024\/02\/Gruppe-21948.jpg\" alt=\"engineers at work\">\r\n\t\t    \r\n\r\n            <div class=\"contrastOverlay\"><\/div>\r\n            <div class=\"overlayContainer\">\r\n                <img decoding=\"async\" value=\"develop\" class=\"imgBlockImage develop activeOverlay\"\r\n                     src=\"https:\/\/bdi-bioenergy.com\/wp-content\/themes\/bdi\/img\/develop.svg\">\r\n\r\n                <img decoding=\"async\" value=\"design\" class=\"imgBlockImage design\"\r\n                     src=\"https:\/\/bdi-bioenergy.com\/wp-content\/themes\/bdi\/img\/design.svg\">\r\n                <img decoding=\"async\" value=\"build\" class=\"imgBlockImage build\"\r\n                     src=\"https:\/\/bdi-bioenergy.com\/wp-content\/themes\/bdi\/img\/build.svg\">\r\n\r\n                <!-- Develop Text-->\r\n                <div value=\"develop\" class=\"imgBlockText enable\">\r\n                    <img decoding=\"async\" value=\"develop\" class=\"imgBlockImageMobile developMobile\" src=\"https:\/\/bdi-bioenergy.com\/wp-content\/themes\/bdi\/img\/developMobile.svg\">\r\n                    <h6>FORSCHUNG UND TECHNOLOGIEENTWICKLUNG <\/h6>\r\n                    <p>Wir erforschen und entwickeln innovative Technologien, um wertvolle Ressourcen zu schonen und die Kreislaufwirtschaft voranzutreiben.<\/p>\r\n                <\/div>\r\n\r\n                <!-- Design Text-->\r\n                <div value=\"design\" class=\"imgBlockText disabled\">\r\n                    <img decoding=\"async\" value=\"design\" class=\"imgBlockImageMobile designMobile\" src=\"https:\/\/bdi-bioenergy.com\/wp-content\/themes\/bdi\/img\/designMobile.svg\">\r\n                    <h6>PROZESSDESIGN UND SCALE-UP <\/h6>\r\n                    <p>Das Prozessdesign unserer Technologien l\u00e4sst sich individuell skalieren und an unterschiedliche Produktionsparameter anpassen.<\/p>\r\n\r\n                <\/div>\r\n\r\n                <!-- Build Text-->\r\n                <div value=\"build\" class=\"imgBlockText disabled\">\r\n                    <img decoding=\"async\" value=\"build\" class=\"imgBlockImageMobile buildMobile\" src=\"https:\/\/bdi-bioenergy.com\/wp-content\/themes\/bdi\/img\/buildMobile.svg\">\r\n                    <h6>ANLAGENBAU UND INBETRIEBNAHME <\/h6>\r\n                    <p>Vom Engineering und Anlagenbau bis zur Inbetriebnahme mit anschlie\u00dfendem Customer Service unterst\u00fctzen wir unsere Kunden entlang der gesamten Wertsch\u00f6pfungskette.<\/p>\r\n                <\/div>\r\n            <\/div>\r\n\r\n            <\/div>\r\n\r\n\t        <\/div>\r\n\n\n    <div id=\"news-block_b1d8c1acd738c06a33247918ac1a0b62\" class=\"news \">\r\n\r\n        <h6>News<\/h6>\r\n        \r\n\r\n        <div class=\"newsGridContainer\">\r\n                                <div class=\"newsGridItem\">\r\n\r\n                        <p style=\"pointer-events: none\"><a href=\"https:\/\/bdi-bioenergy.com\/de\/category\/news\/press-release-de\/\" rel=\"category tag\">Press Release<\/a><\/p>\r\n                        <a href=\"https:\/\/bdi-bioenergy.com\/de\/news\/prismore-capital-bdi-bioenergy-international-and-rieckermann-announce-strategic-investment-in-tire-pyrolysis-technology\/\">\r\n                                                            <img loading=\"lazy\" decoding=\"async\" width=\"5519\" height=\"3468\" src=\"https:\/\/bdi-bioenergy.com\/wp-content\/uploads\/2025\/05\/MG_4327.jpg\" class=\"attachment-post-thumbnail size-post-thumbnail wp-post-image\" alt=\"\" srcset=\"https:\/\/bdi-bioenergy.com\/wp-content\/uploads\/2025\/05\/MG_4327.jpg 5519w, https:\/\/bdi-bioenergy.com\/wp-content\/uploads\/2025\/05\/MG_4327-300x189.jpg 300w, https:\/\/bdi-bioenergy.com\/wp-content\/uploads\/2025\/05\/MG_4327-1200x754.jpg 1200w, https:\/\/bdi-bioenergy.com\/wp-content\/uploads\/2025\/05\/MG_4327-1920x1206.jpg 1920w\" sizes=\"auto, (max-width: 5519px) 100vw, 5519px\" \/>                                                        <h6>Prismore Capital, BDI-BioEnergy International GmbH und JR New Horizons erwerben gemeinsam die fortschrittliche Reifenpyrolysetechnologie von Grupo BB&amp;G<\/h6>\r\n                        <\/a>\r\n                    <\/div>\r\n                                    <div class=\"newsGridItem\">\r\n\r\n                        <p style=\"pointer-events: none\"><a href=\"https:\/\/bdi-bioenergy.com\/de\/category\/news\/presse\/\" rel=\"category tag\">Presse<\/a><\/p>\r\n                        <a href=\"https:\/\/bdi-bioenergy.com\/de\/news\/bdi-bioenergy-international-errichtet-eine-innovative-pretreatment-anlage-fuer-rohstoffe-fuer-biokraftstoffe\/\">\r\n                                                            <img loading=\"lazy\" decoding=\"async\" width=\"729\" height=\"485\" src=\"https:\/\/bdi-bioenergy.com\/wp-content\/uploads\/2025\/04\/Beitragsbild-Website-Ferro.jpg\" class=\"attachment-post-thumbnail size-post-thumbnail wp-post-image\" alt=\"\" srcset=\"https:\/\/bdi-bioenergy.com\/wp-content\/uploads\/2025\/04\/Beitragsbild-Website-Ferro.jpg 729w, https:\/\/bdi-bioenergy.com\/wp-content\/uploads\/2025\/04\/Beitragsbild-Website-Ferro-300x200.jpg 300w\" sizes=\"auto, (max-width: 729px) 100vw, 729px\" \/>                                                        <h6>BDI-BioEnergy International errichtet eine innovative PreTreatment Anlage f\u00fcr Rohstoffe f\u00fcr Biokraftstoffe<\/h6>\r\n                        <\/a>\r\n                    <\/div>\r\n                                    <div class=\"newsGridItem\">\r\n\r\n                        <p style=\"pointer-events: none\"><a href=\"https:\/\/bdi-bioenergy.com\/de\/category\/news\/presse\/\" rel=\"category tag\">Presse<\/a><\/p>\r\n                        <a href=\"https:\/\/bdi-bioenergy.com\/de\/news\/neue-greenstock-pretreatment-anlage-ab-2027-bdi-bioenergy-international-sorgt-fuer-nachhaltigkeit-und-effizienz\/\">\r\n                                                            <img loading=\"lazy\" decoding=\"async\" width=\"593\" height=\"440\" src=\"https:\/\/bdi-bioenergy.com\/wp-content\/uploads\/2024\/04\/BDI_445x33019.jpg\" class=\"attachment-post-thumbnail size-post-thumbnail wp-post-image\" alt=\"\" srcset=\"https:\/\/bdi-bioenergy.com\/wp-content\/uploads\/2024\/04\/BDI_445x33019.jpg 593w, https:\/\/bdi-bioenergy.com\/wp-content\/uploads\/2024\/04\/BDI_445x33019-300x223.jpg 300w\" sizes=\"auto, (max-width: 593px) 100vw, 593px\" \/>                                                        <h6>Neue Greenstock PreTreatment Anlage ab 2027: BDI sorgt f\u00fcr Nachhaltigkeit und Effizienz<\/h6>\r\n                        <\/a>\r\n                    <\/div>\r\n                        <\/div>\r\n\r\n        <div class=\"newsButton\">\r\n                        <a class=\"button\" href=\"https:\/\/bdi-bioenergy.com\/de\/\/news\">Alle anzeigen<\/a>\r\n        <\/div>\r\n    <\/div>\r\n\n\n\r\n    <div id=\"newsLetterBlock-block_c50e2170792fc63ee25225b2c686b56f\" class=\"newsLetterBlock\">\r\n        <div id=\"newsletter\" class=\"newsLetterGridContainer\">\r\n\t\r\n            <div class=\"gridItemLeft\">\r\n\t            <p>Verpassen Sie nichts mehr und abonnieren Sie unseren<span style=\"color: #ffffff;\"> Newsletter!<\/span><\/p>\n\r\n            <\/div>\r\n            <div class=\"newsLettergridItemRight\">\r\n\t\t\t\t<script>(function() {\n\twindow.mc4wp = window.mc4wp || {\n\t\tlisteners: [],\n\t\tforms: {\n\t\t\ton: function(evt, cb) {\n\t\t\t\twindow.mc4wp.listeners.push(\n\t\t\t\t\t{\n\t\t\t\t\t\tevent   : evt,\n\t\t\t\t\t\tcallback: cb\n\t\t\t\t\t}\n\t\t\t\t);\n\t\t\t}\n\t\t}\n\t}\n})();\n<\/script><!-- Mailchimp for WordPress v4.12.1 - https:\/\/wordpress.org\/plugins\/mailchimp-for-wp\/ --><form id=\"mc4wp-form-1\" class=\"mc4wp-form mc4wp-form-344\" method=\"post\" data-id=\"344\" data-name=\"Newsletter\" ><div class=\"mc4wp-form-fields\"><div class=\"newsLetter\">\r\n\t\r\n<input class=\"emailInput\" type=\"email\" name=\"EMAIL\" placeholder=\"Ihre E-Mail Adresse\" required \/>\r\n\r\n\r\n<p>\r\n\t<input class=\"newsletterSubmit\" type=\"submit\" value=\"anmelden\" \/>\r\n<\/p>\r\n<\/div><\/div><label style=\"display: none !important;\">Wenn du ein Mensch bist, lasse das Feld leer: <input type=\"text\" name=\"_mc4wp_honeypot\" value=\"\" tabindex=\"-1\" autocomplete=\"off\" \/><\/label><input type=\"hidden\" name=\"_mc4wp_timestamp\" value=\"1777972049\" \/><input type=\"hidden\" name=\"_mc4wp_form_id\" value=\"344\" \/><input type=\"hidden\" name=\"_mc4wp_form_element_id\" value=\"mc4wp-form-1\" \/><div class=\"mc4wp-response\"><\/div><\/form><!-- \/ Mailchimp for WordPress Plugin -->                <div class=\"termsOfService\">\r\n\t                <p>Mit der Anmeldung erkl\u00e4re ich mich mit den <a href=\"http:\/\/bdi-bioenergy.com.w01f9af2.kasserver.com\/newSite\/impressum\/\" target=\"_blank\" rel=\"noopener\">Nutzungsbedingungen<\/a> und der <a href=\"http:\/\/bdi-bioenergy.com.w01f9af2.kasserver.com\/newSite\/datenschutz\/\" target=\"_blank\" rel=\"noopener\">Datenschutzrichtlinie<\/a> einverstanden.<\/p>\n                <\/div>\r\n            <\/div>\r\n\t        <\/div>\r\n\r\n    <\/div>\r\n","protected":false},"excerpt":{"rendered":"","protected":false},"author":1,"featured_media":0,"parent":0,"menu_order":0,"comment_status":"closed","ping_status":"closed","template":"","meta":{"_acf_changed":false,"footnotes":""},"class_list":["post-140","page","type-page","status-publish","hentry"],"acf":[],"yoast_head":"<!-- This site is optimized with the Yoast SEO plugin v27.3 - https:\/\/yoast.com\/product\/yoast-seo-wordpress\/ -->\n<title>BIOGAS - BDI-BioEnergy International<\/title>\n<meta name=\"robots\" content=\"index, follow, max-snippet:-1, max-image-preview:large, max-video-preview:-1\" \/>\n<link rel=\"canonical\" href=\"https:\/\/bdi-bioenergy.com\/de\/biogas\/\" \/>\n<meta property=\"og:locale\" content=\"de_DE\" \/>\n<meta property=\"og:type\" content=\"article\" \/>\n<meta property=\"og:title\" content=\"BIOGAS - BDI-BioEnergy International\" \/>\n<meta property=\"og:url\" content=\"https:\/\/bdi-bioenergy.com\/de\/biogas\/\" \/>\n<meta property=\"og:site_name\" content=\"BDI-BioEnergy International\" \/>\n<meta property=\"article:modified_time\" content=\"2024-10-22T09:24:49+00:00\" \/>\n<meta name=\"twitter:card\" content=\"summary_large_image\" \/>\n<script type=\"application\/ld+json\" class=\"yoast-schema-graph\">{\"@context\":\"https:\\\/\\\/schema.org\",\"@graph\":[{\"@type\":\"WebPage\",\"@id\":\"https:\\\/\\\/bdi-bioenergy.com\\\/de\\\/biogas\\\/\",\"url\":\"https:\\\/\\\/bdi-bioenergy.com\\\/de\\\/biogas\\\/\",\"name\":\"BIOGAS - BDI-BioEnergy International\",\"isPartOf\":{\"@id\":\"https:\\\/\\\/bdi-bioenergy.com\\\/#website\"},\"datePublished\":\"2024-02-12T13:34:33+00:00\",\"dateModified\":\"2024-10-22T09:24:49+00:00\",\"breadcrumb\":{\"@id\":\"https:\\\/\\\/bdi-bioenergy.com\\\/de\\\/biogas\\\/#breadcrumb\"},\"inLanguage\":\"de\",\"potentialAction\":[{\"@type\":\"ReadAction\",\"target\":[\"https:\\\/\\\/bdi-bioenergy.com\\\/de\\\/biogas\\\/\"]}]},{\"@type\":\"BreadcrumbList\",\"@id\":\"https:\\\/\\\/bdi-bioenergy.com\\\/de\\\/biogas\\\/#breadcrumb\",\"itemListElement\":[{\"@type\":\"ListItem\",\"position\":1,\"name\":\"Startseite\",\"item\":\"https:\\\/\\\/bdi-bioenergy.com\\\/de\\\/\"},{\"@type\":\"ListItem\",\"position\":2,\"name\":\"BIOGAS\"}]},{\"@type\":\"WebSite\",\"@id\":\"https:\\\/\\\/bdi-bioenergy.com\\\/#website\",\"url\":\"https:\\\/\\\/bdi-bioenergy.com\\\/\",\"name\":\"BDI Bioenergy\",\"description\":\"\",\"publisher\":{\"@id\":\"https:\\\/\\\/bdi-bioenergy.com\\\/#organization\"},\"potentialAction\":[{\"@type\":\"SearchAction\",\"target\":{\"@type\":\"EntryPoint\",\"urlTemplate\":\"https:\\\/\\\/bdi-bioenergy.com\\\/?s={search_term_string}\"},\"query-input\":{\"@type\":\"PropertyValueSpecification\",\"valueRequired\":true,\"valueName\":\"search_term_string\"}}],\"inLanguage\":\"de\"},{\"@type\":\"Organization\",\"@id\":\"https:\\\/\\\/bdi-bioenergy.com\\\/#organization\",\"name\":\"BDI Bioenergy\",\"url\":\"https:\\\/\\\/bdi-bioenergy.com\\\/\",\"logo\":{\"@type\":\"ImageObject\",\"inLanguage\":\"de\",\"@id\":\"https:\\\/\\\/bdi-bioenergy.com\\\/#\\\/schema\\\/logo\\\/image\\\/\",\"url\":\"https:\\\/\\\/bdi-bioenergy.com\\\/wp-content\\\/uploads\\\/2024\\\/02\\\/logo.svg\",\"contentUrl\":\"https:\\\/\\\/bdi-bioenergy.com\\\/wp-content\\\/uploads\\\/2024\\\/02\\\/logo.svg\",\"caption\":\"BDI Bioenergy\"},\"image\":{\"@id\":\"https:\\\/\\\/bdi-bioenergy.com\\\/#\\\/schema\\\/logo\\\/image\\\/\"}}]}<\/script>\n<!-- \/ Yoast SEO plugin. -->","yoast_head_json":{"title":"BIOGAS - BDI-BioEnergy International","robots":{"index":"index","follow":"follow","max-snippet":"max-snippet:-1","max-image-preview":"max-image-preview:large","max-video-preview":"max-video-preview:-1"},"canonical":"https:\/\/bdi-bioenergy.com\/de\/biogas\/","og_locale":"de_DE","og_type":"article","og_title":"BIOGAS - BDI-BioEnergy International","og_url":"https:\/\/bdi-bioenergy.com\/de\/biogas\/","og_site_name":"BDI-BioEnergy International","article_modified_time":"2024-10-22T09:24:49+00:00","twitter_card":"summary_large_image","schema":{"@context":"https:\/\/schema.org","@graph":[{"@type":"WebPage","@id":"https:\/\/bdi-bioenergy.com\/de\/biogas\/","url":"https:\/\/bdi-bioenergy.com\/de\/biogas\/","name":"BIOGAS - BDI-BioEnergy International","isPartOf":{"@id":"https:\/\/bdi-bioenergy.com\/#website"},"datePublished":"2024-02-12T13:34:33+00:00","dateModified":"2024-10-22T09:24:49+00:00","breadcrumb":{"@id":"https:\/\/bdi-bioenergy.com\/de\/biogas\/#breadcrumb"},"inLanguage":"de","potentialAction":[{"@type":"ReadAction","target":["https:\/\/bdi-bioenergy.com\/de\/biogas\/"]}]},{"@type":"BreadcrumbList","@id":"https:\/\/bdi-bioenergy.com\/de\/biogas\/#breadcrumb","itemListElement":[{"@type":"ListItem","position":1,"name":"Startseite","item":"https:\/\/bdi-bioenergy.com\/de\/"},{"@type":"ListItem","position":2,"name":"BIOGAS"}]},{"@type":"WebSite","@id":"https:\/\/bdi-bioenergy.com\/#website","url":"https:\/\/bdi-bioenergy.com\/","name":"BDI Bioenergy","description":"","publisher":{"@id":"https:\/\/bdi-bioenergy.com\/#organization"},"potentialAction":[{"@type":"SearchAction","target":{"@type":"EntryPoint","urlTemplate":"https:\/\/bdi-bioenergy.com\/?s={search_term_string}"},"query-input":{"@type":"PropertyValueSpecification","valueRequired":true,"valueName":"search_term_string"}}],"inLanguage":"de"},{"@type":"Organization","@id":"https:\/\/bdi-bioenergy.com\/#organization","name":"BDI Bioenergy","url":"https:\/\/bdi-bioenergy.com\/","logo":{"@type":"ImageObject","inLanguage":"de","@id":"https:\/\/bdi-bioenergy.com\/#\/schema\/logo\/image\/","url":"https:\/\/bdi-bioenergy.com\/wp-content\/uploads\/2024\/02\/logo.svg","contentUrl":"https:\/\/bdi-bioenergy.com\/wp-content\/uploads\/2024\/02\/logo.svg","caption":"BDI Bioenergy"},"image":{"@id":"https:\/\/bdi-bioenergy.com\/#\/schema\/logo\/image\/"}}]}},"_links":{"self":[{"href":"https:\/\/bdi-bioenergy.com\/de\/wp-json\/wp\/v2\/pages\/140","targetHints":{"allow":["GET"]}}],"collection":[{"href":"https:\/\/bdi-bioenergy.com\/de\/wp-json\/wp\/v2\/pages"}],"about":[{"href":"https:\/\/bdi-bioenergy.com\/de\/wp-json\/wp\/v2\/types\/page"}],"author":[{"embeddable":true,"href":"https:\/\/bdi-bioenergy.com\/de\/wp-json\/wp\/v2\/users\/1"}],"replies":[{"embeddable":true,"href":"https:\/\/bdi-bioenergy.com\/de\/wp-json\/wp\/v2\/comments?post=140"}],"version-history":[{"count":3,"href":"https:\/\/bdi-bioenergy.com\/de\/wp-json\/wp\/v2\/pages\/140\/revisions"}],"predecessor-version":[{"id":3533,"href":"https:\/\/bdi-bioenergy.com\/de\/wp-json\/wp\/v2\/pages\/140\/revisions\/3533"}],"wp:attachment":[{"href":"https:\/\/bdi-bioenergy.com\/de\/wp-json\/wp\/v2\/media?parent=140"}],"curies":[{"name":"wp","href":"https:\/\/api.w.org\/{rel}","templated":true}]}}